{"id":2,"date":"2021-10-14T13:05:18","date_gmt":"2021-10-14T11:05:18","guid":{"rendered":"https:\/\/miopia.pl\/conference-2025\/?page_id=2"},"modified":"2025-06-11T10:45:30","modified_gmt":"2025-06-11T08:45:30","slug":"strona-glowna","status":"publish","type":"page","link":"https:\/\/miopia.pl\/conference-2025\/","title":{"rendered":"Strona g\u0142\u00f3wna"},"content":{"rendered":"<section class=\"l-section wpb_row height_auto width_full\"><div class=\"l-section-h i-cf\"><div class=\"g-cols vc_row via_flex valign_top type_default stacking_default\"><div class=\"vc_col-sm-12 wpb_column vc_column_container\"><div class=\"vc_column-inner\"><div class=\"wpb_wrapper\"><div class=\"w-image align_center\"><div class=\"w-image-h\"><img loading=\"lazy\" decoding=\"async\" width=\"1920\" height=\"1080\" src=\"https:\/\/miopia.pl\/conference-2025\/wp-content\/uploads\/2025\/01\/BANER-do-zakladki-KONFERENCJA-MYOPIA-2024_PL-1.jpg\" class=\"attachment-full size-full\" alt=\"Baner MYOPIA 2025\" srcset=\"https:\/\/miopia.pl\/conference-2025\/wp-content\/uploads\/2025\/01\/BANER-do-zakladki-KONFERENCJA-MYOPIA-2024_PL-1.jpg 1920w, https:\/\/miopia.pl\/conference-2025\/wp-content\/uploads\/2025\/01\/BANER-do-zakladki-KONFERENCJA-MYOPIA-2024_PL-1-300x169.jpg 300w, https:\/\/miopia.pl\/conference-2025\/wp-content\/uploads\/2025\/01\/BANER-do-zakladki-KONFERENCJA-MYOPIA-2024_PL-1-150x84.jpg 150w\" sizes=\"(max-width: 1920px) 100vw, 1920px\" \/><\/div><\/div><div class=\"w-separator size_medium\"><\/div><\/div><\/div><\/div><\/div><\/div><\/section><section class=\"l-section wpb_row height_medium\" id=\"links-conf2024\"><div class=\"l-section-h i-cf\"><div class=\"g-cols vc_row via_flex valign_top type_default stacking_default\"><div class=\"vc_col-sm-12 wpb_column vc_column_container\"><div class=\"vc_column-inner us_custom_15ad39e0\"><div class=\"wpb_wrapper\"><h2 class=\"w-text us_custom_eb849559\"><a target=\"_blank\" href=\"https:\/\/miopia.pl\/conference-2025\/wp-content\/uploads\/2025\/02\/Miopia-2024_Sprawozdanie-AG.pdf\" rel=\"noopener\" class=\"w-text-h\"><span class=\"w-text-value\">Raport konferencji 2024<\/span><\/a><\/h2><\/div><\/div><\/div><\/div><\/div><\/section><section class=\"l-section wpb_row us_custom_242268fa height_medium\" id=\"program\"><div class=\"l-section-overlay\" style=\"background:#f0f0f6\"><\/div><div class=\"l-section-h i-cf\"><div class=\"g-cols vc_row via_flex valign_top type_default stacking_default\"><div class=\"vc_col-sm-12 wpb_column vc_column_container\"><div class=\"vc_column-inner\"><div class=\"wpb_wrapper\"><div class=\"w-separator us_custom_dd184a0a size_custom with_line width_default thick_5 style_solid color_secondary align_center\" style=\"height:5px\"><div class=\"w-separator-h\"><\/div><\/div><div class=\"w-separator size_medium\" id=\"ib6e\"><style>@media(max-width:1024px){ #ib6e{height:5rem!important}}@media(max-width:600px){ #ib6e{height:4rem!important}}<\/style><\/div><h2 class=\"w-text us_custom_03b3ee3e\"><span class=\"w-text-h\"><span class=\"w-text-value\">Program Mi\u0119dzynarodowej Konferencji Myopia 2025<\/span><\/span><\/h2><h3 class=\"w-text us_custom_aa271a07\"><span class=\"w-text-h\"><span class=\"w-text-value\">20 CZERWCA 2025 R.<\/span><\/span><\/h3><div class=\"w-separator size_medium\" id=\"rd56\"><style>@media(max-width:1024px){ #rd56{height:5rem!important}}@media(max-width:600px){ #rd56{height:4rem!important}}<\/style><\/div><div class=\"w-hwrapper align_none valign_top\" style=\"--hwrapper-gap:0\"><div class=\"w-vwrapper align_none valign_top\"><div class=\"wpb_text_column\"><div class=\"wpb_wrapper\"><p>13.00 &#8211; 13.05<\/p>\n<\/div><\/div><\/div><div class=\"w-vwrapper align_none valign_top\"><div class=\"wpb_text_column\"><div class=\"wpb_wrapper\"><p>Otwarcie konferencji<\/p>\n<p>prof. dr hab. n. med. Andrzej Grzybowski<\/p>\n<\/div><\/div><\/div><\/div><div class=\"w-separator us_custom_dd184a0a size_custom with_line width_default thick_5 style_solid color_secondary align_center\" style=\"height:5px\"><div class=\"w-separator-h\"><\/div><\/div><div class=\"w-hwrapper align_none valign_top\" style=\"--hwrapper-gap:0\"><div class=\"w-vwrapper align_center valign_top\"><div class=\"w-separator size_small\"><\/div><\/div><div class=\"w-vwrapper align_none valign_top\"><div class=\"wpb_text_column\"><div class=\"wpb_wrapper\"><p><strong>Sesja I<\/strong><br \/>\n<strong>Gor\u0105ce tematy dotycz\u0105ce kr\u00f3tkowzroczno\u015bci w Europie w 2025 roku<\/strong><\/p>\n<\/div><\/div><\/div><\/div><div class=\"w-separator us_custom_dd184a0a size_custom with_line width_default thick_5 style_solid color_secondary align_center\" style=\"height:5px\"><div class=\"w-separator-h\"><\/div><\/div><div class=\"w-separator size_medium\" id=\"kaa0\"><style>@media(max-width:1024px){ #kaa0{height:5rem!important}}@media(max-width:600px){ #kaa0{height:4rem!important}}<\/style><\/div><div class=\"w-hwrapper align_none valign_top\" style=\"--hwrapper-gap:0\"><div class=\"w-vwrapper align_none valign_top\"><div class=\"wpb_text_column\"><div class=\"wpb_wrapper\"><p>13.05 &#8211; 13.20<\/p>\n<\/div><\/div><\/div><div class=\"w-vwrapper align_none valign_top\"><div class=\"wpb_text_column\"><div class=\"wpb_wrapper\"><p><strong>Epidemiologia kr\u00f3tkowzroczno\u015bci w Europie<\/strong> &#8211; dr. Andr\u00e9 Ros\u00e1rio<\/p>\n<\/div><\/div><\/div><div class=\"w-vwrapper us_custom_8a3c403a align_none valign_top\"><div class=\"wpb_text_column\"><div class=\"wpb_wrapper\"><p>NOVA Medical School, Portugal<\/p>\n<\/div><\/div><\/div><\/div><div class=\"w-hwrapper align_none valign_top\" style=\"--hwrapper-gap:0\"><div class=\"w-vwrapper align_none valign_top\"><div class=\"wpb_text_column\"><div class=\"wpb_wrapper\"><p>13.20 &#8211; 13.35<\/p>\n<\/div><\/div><\/div><div class=\"w-vwrapper align_none valign_top\"><div class=\"wpb_text_column\"><div class=\"wpb_wrapper\"><p><strong>Atropina w niskim st\u0119\u017ceniu w Europie<\/strong> &#8211; Prof. Carla Lanca<\/p>\n<\/div><\/div><\/div><div class=\"w-vwrapper align_none valign_top\"><div class=\"wpb_text_column us_custom_8a3c403a\"><div class=\"wpb_wrapper\"><p>New York University Abu Dhabi, UAE<\/p>\n<\/div><\/div><\/div><\/div><div class=\"w-hwrapper align_none valign_top\" style=\"--hwrapper-gap:0\"><div class=\"w-vwrapper align_none valign_top\"><div class=\"wpb_text_column\"><div class=\"wpb_wrapper\"><p>13.35 &#8211; 13.50<\/p>\n<\/div><\/div><\/div><div class=\"w-vwrapper align_none valign_top\"><div class=\"wpb_text_column\"><div class=\"wpb_wrapper\"><p><strong>Soczewki kontaktowe w kontroli kr\u00f3tkowzroczno\u015bci w Europie<\/strong> &#8211; dr Beata Tapaszto,<\/p>\n<\/div><\/div><\/div><div class=\"w-vwrapper align_none valign_top\"><div class=\"wpb_text_column us_custom_8a3c403a\"><div class=\"wpb_wrapper\"><p>Scientific President of European Academy of Orthokeratology and Myopia Control, Semmelweis University, Hungary<\/p>\n<\/div><\/div><\/div><\/div><div class=\"w-hwrapper align_none valign_top\" style=\"--hwrapper-gap:0\"><div class=\"w-vwrapper align_none valign_top\"><div class=\"wpb_text_column\"><div class=\"wpb_wrapper\"><p>13.50 &#8211; 14.05<\/p>\n<\/div><\/div><\/div><div class=\"w-vwrapper align_none valign_top\"><div class=\"wpb_text_column\"><div class=\"wpb_wrapper\"><p><strong>Okulary w kontroli kr\u00f3tkowzroczno\u015bci w Europie<\/strong> &#8211; prof. Hakan Kaymak<\/p>\n<\/div><\/div><\/div><div class=\"w-vwrapper align_none valign_top\"><div class=\"wpb_text_column us_custom_8a3c403a\"><div class=\"wpb_wrapper\"><p>I.I.O. GbR, D\u00fcsseldorf; Gottfried O.H. Naumann Institute for Epidemiology and Prevention of Myopia, Saarland University, Homburg, Germany<\/p>\n<\/div><\/div><\/div><\/div><div class=\"w-hwrapper align_none valign_top\" style=\"--hwrapper-gap:0\"><div class=\"w-vwrapper align_none valign_top\"><div class=\"wpb_text_column\"><div class=\"wpb_wrapper\"><p>14.05 &#8211; 14.20<\/p>\n<\/div><\/div><\/div><div class=\"w-vwrapper align_none valign_top\"><div class=\"wpb_text_column\"><div class=\"wpb_wrapper\"><p><strong>Oparta na dowodach kontrola kr\u00f3tkowzroczno\u015bci za pomoc\u0105 soczewek Essilor\u00ae Stellest\u00ae<\/strong> &#8211; Dr Saoirse McCrann<\/p>\n<\/div><\/div><\/div><div class=\"w-vwrapper align_none valign_top\"><div class=\"wpb_text_column us_custom_8a3c403a\"><div class=\"wpb_wrapper\"><p>Globalny Doradca Medyczny ds. Kr\u00f3tkowzroczno\u015bci &#8211; EssilorLuxottica<\/p>\n<\/div><\/div><\/div><\/div><div class=\"w-hwrapper align_none valign_top\" style=\"--hwrapper-gap:0\"><div class=\"w-vwrapper align_none valign_top\"><div class=\"wpb_text_column\"><div class=\"wpb_wrapper\"><p>14.20 &#8211; 14.40<\/p>\n<\/div><\/div><\/div><div class=\"w-vwrapper align_none valign_top\"><div class=\"wpb_text_column\"><div class=\"wpb_wrapper\"><p><strong>Szczeg\u00f3\u0142owa znajomo\u015b\u0107 MioExpert HD<\/strong> &#8211; Marta \u00c1lvarez<\/p>\n<\/div><\/div><\/div><div class=\"w-vwrapper align_none valign_top\"><div class=\"wpb_text_column us_custom_8a3c403a\"><div class=\"wpb_wrapper\"><p>Clinical Research Optometrist and Design and Development Manager at IOT<\/p>\n<\/div><\/div><\/div><\/div><div class=\"w-hwrapper align_none valign_top\" style=\"--hwrapper-gap:0\"><div class=\"w-vwrapper align_none valign_top\"><div class=\"wpb_text_column\"><div class=\"wpb_wrapper\"><p>14.40 &#8211; 14.50<\/p>\n<\/div><\/div><\/div><div class=\"w-vwrapper align_none valign_top\"><div class=\"wpb_text_column\"><div class=\"wpb_wrapper\"><p><strong>Mo\u017cliwo\u015bci terapeutyczne zapobiegania progresji miopii z u\u017cyciem atropiny 0,01%<\/strong> &#8211; Prof. Andrzej Grzybowski<\/p>\n<\/div><\/div><\/div><div class=\"w-vwrapper align_none valign_top\"><div class=\"wpb_text_column us_custom_8a3c403a\"><div class=\"wpb_wrapper\"><p>University of Warmia and Mazury, Poland<\/p>\n<\/div><\/div><\/div><\/div><div class=\"w-hwrapper align_none valign_top\" style=\"--hwrapper-gap:0\"><div class=\"w-vwrapper align_none valign_top\"><div class=\"wpb_text_column\"><div class=\"wpb_wrapper\"><p>14.50 &#8211; 14.55<\/p>\n<\/div><\/div><\/div><div class=\"w-vwrapper align_none valign_top\"><div class=\"wpb_text_column\"><div class=\"wpb_wrapper\"><p><strong>Dyskusja<\/strong><\/p>\n<\/div><\/div><\/div><\/div><div class=\"w-separator us_custom_dd184a0a size_custom with_line width_default thick_5 style_solid color_secondary align_center\" style=\"height:5px\"><div class=\"w-separator-h\"><\/div><\/div><div class=\"w-separator size_medium\" id=\"rb0b\"><style>@media(max-width:1024px){ #rb0b{height:5rem!important}}@media(max-width:600px){ #rb0b{height:4rem!important}}<\/style><\/div><div class=\"w-hwrapper align_none valign_top\" style=\"--hwrapper-gap:0\"><div class=\"w-vwrapper align_none valign_middle\"><div class=\"wpb_text_column\"><div class=\"wpb_wrapper\"><p>14.55-15.40<\/p>\n<\/div><\/div><\/div><div class=\"w-vwrapper align_none valign_top\"><div class=\"wpb_text_column\"><div class=\"wpb_wrapper\"><p><strong>Sesja II<\/strong><br \/>\n<strong><br \/>\n<\/strong>Panel Dyskusyjny:<strong> Kto i jak hamuje progresj\u0119 kr\u00f3tkowzroczno\u015bci? Perspektywa europejska.<br \/>\n<\/strong>Moderator: <strong>prof. A. Grzybowski<\/strong><br \/>\nPrelegenci: <strong>Prof. Carla Lanca, Prof. Hakan Kaymak, Dr Beata Tapaszto, Prof.Dominique Bremond-Gignac, Prof.Olavi P\u00e4rssinen, Prof. Roberto Caputo, Prof. Christina Vidinova<\/strong><\/p>\n<\/div><\/div><\/div><\/div><div class=\"w-hwrapper align_none valign_top\" style=\"--hwrapper-gap:0\"><div class=\"w-vwrapper align_none valign_top\"><div class=\"wpb_text_column\"><div class=\"wpb_wrapper\"><p>15.40 &#8211; 15.45<\/p>\n<\/div><\/div><\/div><div class=\"w-vwrapper align_none valign_top\"><div class=\"wpb_text_column\"><div class=\"wpb_wrapper\"><p><strong>Zako\u0144czenie Konferencji<\/strong> &#8211; prof. dr hab. n. med. Andrzej Grzybowski<\/p>\n<\/div><\/div><\/div><\/div><\/div><\/div><\/div><\/div><\/div><\/section>\n","protected":false},"excerpt":{"rendered":"Raport konferencji 2024Program Mi\u0119dzynarodowej Konferencji Myopia 202520 CZERWCA 2025 R.13.00 &#8211; 13.05 Otwarcie konferencji prof. dr hab. n. med. Andrzej Grzybowski Sesja I Gor\u0105ce tematy dotycz\u0105ce kr\u00f3tkowzroczno\u015bci w Europie w 2025 roku 13.05 &#8211; 13.20 Epidemiologia kr\u00f3tkowzroczno\u015bci w Europie &#8211; dr. Andr\u00e9 Ros\u00e1rio NOVA Medical School, Portugal 13.20 &#8211; 13.35 Atropina w niskim st\u0119\u017ceniu w...","protected":false},"author":1,"featured_media":0,"parent":0,"menu_order":12,"comment_status":"closed","ping_status":"closed","template":"","meta":{"footnotes":""},"acf":[],"_links":{"self":[{"href":"https:\/\/miopia.pl\/conference-2025\/wp-json\/wp\/v2\/pages\/2"}],"collection":[{"href":"https:\/\/miopia.pl\/conference-2025\/wp-json\/wp\/v2\/pages"}],"about":[{"href":"https:\/\/miopia.pl\/conference-2025\/wp-json\/wp\/v2\/types\/page"}],"author":[{"embeddable":true,"href":"https:\/\/miopia.pl\/conference-2025\/wp-json\/wp\/v2\/users\/1"}],"replies":[{"embeddable":true,"href":"https:\/\/miopia.pl\/conference-2025\/wp-json\/wp\/v2\/comments?post=2"}],"version-history":[{"count":149,"href":"https:\/\/miopia.pl\/conference-2025\/wp-json\/wp\/v2\/pages\/2\/revisions"}],"predecessor-version":[{"id":1281,"href":"https:\/\/miopia.pl\/conference-2025\/wp-json\/wp\/v2\/pages\/2\/revisions\/1281"}],"wp:attachment":[{"href":"https:\/\/miopia.pl\/conference-2025\/wp-json\/wp\/v2\/media?parent=2"}],"curies":[{"name":"wp","href":"https:\/\/api.w.org\/{rel}","templated":true}]}}