{"id":148,"date":"2022-05-15T20:36:59","date_gmt":"2022-05-15T18:36:59","guid":{"rendered":"https:\/\/miopia.pl\/conference-2025\/?page_id=148"},"modified":"2022-05-15T21:48:28","modified_gmt":"2022-05-15T19:48:28","slug":"regulamin","status":"publish","type":"page","link":"https:\/\/miopia.pl\/conference-2025\/regulamin\/","title":{"rendered":"Regulamin"},"content":{"rendered":"<section class=\"l-section wpb_row height_medium\" id=\"regulamin\"><div class=\"l-section-h i-cf\"><div class=\"g-cols vc_row via_flex valign_top type_default stacking_default\"><div class=\"vc_col-sm-12 wpb_column vc_column_container\"><div class=\"vc_column-inner\"><div class=\"wpb_wrapper\"><div class=\"wpb_text_column us_custom_56670694\"><div class=\"wpb_wrapper\"><p>Regulamin rejestracji i uczestnictwa w konferencji naukowej<br \/>\nSztuczna Inteligencja w Okulistyce 2022<\/p>\n<\/div><\/div><div class=\"w-separator size_medium\"><\/div><div class=\"w-tabs style_default switch_click accordion has_scrolling remove_indents\"><div class=\"w-tabs-sections titles-align_center icon_chevron cpos_right\"><div class=\"w-tabs-section\" id=\"h03f\"><button aria-controls=\"content-h03f\" class=\"w-tabs-section-header\"><div class=\"w-tabs-section-title\"><strong>\u00a71<\/strong> Postanowienia og\u00f3lne<\/div><div class=\"w-tabs-section-control\"><\/div><\/button><div  class=\"w-tabs-section-content\" id=\"content-h03f\" aria-expanded=\"false\"><div class=\"w-tabs-section-content-h i-cf\"><div class=\"wpb_text_column\"><div class=\"wpb_wrapper\"><ol>\n<li>Konferencja <b>Sztuczna Inteligencja w Okulistyce 2022<\/b> zwana w dalszej cz\u0119\u015bci Konferencj\u0105 odb\u0119dzie si\u0119 3 czerwca 2022 roku w formule online.<\/li>\n<li>Organizatorem Konferencji jest <b>Fundacja Wspierania Rozwoju Okulistyki \u201eOKULISTYKA 21\u201d<\/b> z siedzib\u0105 w Poznaniu (60-836) przy ul. Adama Mickiewicza 24 lok. 3B, Ministerstwo Edukacji i Nauki z siedzib\u0105 w Warszawie (00-529) przy ulicy Wsp\u00f3lnej 1\/3 oraz Uniwersytet Warmi\u0144sko \u2013 Mazurski w Olsztynie (10-719) przy ulicy Micha\u0142a Oczapowskiego 2.<\/li>\n<li>Przepisy niniejszego Regulaminu stanowi\u0105 integraln\u0105 cz\u0119\u015b\u0107 zg\u0142oszenia uczestnictwa<br \/>\nw Konferencji i obowi\u0105zuj\u0105 wszystkich Uczestnik\u00f3w.<\/li>\n<li>Konferencja adresowana jest do lekarzy, optometryst\u00f3w, informatyk\u00f3w oraz student\u00f3w, kt\u00f3rzy zamierzaj\u0105 zwi\u0105za\u0107 si\u0119 zawodowo z okulistyk\u0105 lub optometri\u0105 oraz informatyk\u0105.<\/li>\n<li>W Konferencji mog\u0105 bra\u0107 udzia\u0142 przedstawiciele sponsor\u00f3w. Ich uczestnictwo w Konferencji szczeg\u00f3\u0142owo okre\u015blaj\u0105 odr\u0119bne uregulowania.<\/li>\n<li>Oficjalny serwis internetowy Konferencji znajduje si\u0119 pod adresem: https:\/\/miopia.pl\/conference-2025\/<\/li>\n<li>W ramach Konferencji odb\u0119d\u0105 si\u0119 sesje wyk\u0142adowe, kt\u00f3rych szczeg\u00f3\u0142owy program znajduje si\u0119 na oficjalnej stronie Konferencji.<\/li>\n<li>Organizator dopuszcza mo\u017cliwo\u015b\u0107 pojawienia si\u0119 tre\u015bci reklamowych\/promocyjnych w trakcie trwania Konferencji.<\/li>\n<\/ol>\n<\/div><\/div><\/div><\/div><\/div><div class=\"w-tabs-section\" id=\"d167\"><button aria-controls=\"content-d167\" class=\"w-tabs-section-header\"><div class=\"w-tabs-section-title\"><strong>\u00a72<\/strong> Zasady uczestnictwa<\/div><div class=\"w-tabs-section-control\"><\/div><\/button><div  class=\"w-tabs-section-content\" id=\"content-d167\" aria-expanded=\"false\"><div class=\"w-tabs-section-content-h i-cf\"><div class=\"wpb_text_column\"><div class=\"wpb_wrapper\"><ol>\n<li>Warunkiem udzia\u0142u w Konferencji jest dokonanie rejestracji na podanej przez Organizatora stronie internetowej.<\/li>\n<li>W celu dokonania rejestracji uczestnik uzupe\u0142nia formularz rejestracyjny nast\u0119puj\u0105cymi danymi: imi\u0119, nazwisko, e-mail, nr telefonu, zaw\u00f3d (dana jedynie do cel\u00f3w statystycznych);<\/li>\n<li>Udzia\u0142 w Konferencji jest bezp\u0142atny.<\/li>\n<li>Osoba dokonuj\u0105ca Zg\u0142oszenia podejmuj\u0105c czynno\u015bci w celu dokonania Zg\u0142oszenia potwierdza, \u017ce dane zg\u0142aszanego uczestnika s\u0105 prawdziwe, a osoba zg\u0142aszana do wzi\u0119cia udzia\u0142u w Konferencji wyrazi\u0142a zgod\u0119 na dokonanie Zg\u0142oszenia z uwzgl\u0119dnieniem jej danych osobowych.<\/li>\n<li>Administratorem danych osobowych jest Organizator. Szczeg\u00f3\u0142owe dane Organizatora:<br \/>\n<b>Fundacja Wspierania Rozwoju Okulistyki \u201eOKULISTYKA 21\u201d<\/b> z siedzib\u0105 w Poznaniu (60-836) przy ul. Adama Mickiewicza 24 lok. 3B. Z Administratorem Danych mo\u017cna si\u0119 kontaktowa\u0107 za po\u015brednictwem poczty elektronicznej pod adresem: <a href=\"mailto:j.kolinska@okulistyka21.pl\">j.kolinska@okulistyka21.pl<\/a>.<\/li>\n<li>Dane przetwarzane b\u0119d\u0105 w celu wzi\u0119cia udzia\u0142u w Konferencji, dokonania niezb\u0119dnych rozlicze\u0144, archiwizacji, rozpatrzenia reklamacji w przypadku jej z\u0142o\u017cenia, b\u0105d\u017a ewentualnego dochodzenia roszcze\u0144, jak te\u017c marketingu bezpo\u015bredniego w\u0142asnych produkt\u00f3w lub us\u0142ug prowadzonego w formie tradycyjnej, co nie wymaga zgody.<\/li>\n<li>Uczestnik Konferencji ma prawo dost\u0119pu do tre\u015bci swoich danych i ich sprostowania, usuni\u0119cia, ograniczenia przetwarzania, prawo do przenoszenia danych, prawo do wniesienia sprzeciwu wobec przetwarzania oraz prawo do cofni\u0119cia zgody (w przypadku jej wyra\u017cenia) w dowolnym momencie bez wp\u0142ywu na zgodno\u015b\u0107 z prawem przetwarzania. Podanie danych w zakresie wskazanym w trakcie procedury rejestracji na Konferencji jest dobrowolne, ale niezb\u0119dne w celu wzi\u0119cia udzia\u0142u w Konferencji.<\/li>\n<\/ol>\n<\/div><\/div><\/div><\/div><\/div><div class=\"w-tabs-section\" id=\"u28a\"><button aria-controls=\"content-u28a\" class=\"w-tabs-section-header\"><div class=\"w-tabs-section-title\"><strong>\u00a73<\/strong> Uczestnictwo w Konferencji<\/div><div class=\"w-tabs-section-control\"><\/div><\/button><div  class=\"w-tabs-section-content\" id=\"content-u28a\" aria-expanded=\"false\"><div class=\"w-tabs-section-content-h i-cf\"><div class=\"wpb_text_column\"><div class=\"wpb_wrapper\"><ol>\n<li>Uczestnictwo w Konferencji odbywaj\u0105cej si\u0119 z wykorzystaniem \u015brodk\u00f3w komunikacji elektronicznej wymaga dysponowania przez uczestnika Konferencji systemem teleinformatycznym spe\u0142niaj\u0105cym nast\u0119puj\u0105ce wymagania:\n<ol>\n<li>Dost\u0119p do Internetu,<\/li>\n<li>Urz\u0105dzenie ko\u0144cowe,<\/li>\n<li>Zastosowanie w niekt\u00f3rych przypadkach oprogramowania umo\u017cliwiaj\u0105cego odczytywanie plik\u00f3w w r\u00f3\u017cnych formatach (m.in. graficznych, d\u017awi\u0119kowych, multimedialnych, tekstowych, wideo, itp.).<\/li>\n<\/ol>\n<\/li>\n<li>Organizator zastrzega sobie prawo do zmian programu Konferencji, w szczeg\u00f3lno\u015bci polegaj\u0105cej na zmianie godziny danego wyst\u0105pienia, zmianie osoby prowadz\u0105cej, jak r\u00f3wnie\u017c do odwo\u0142ania Konferencji. Uczestnikowi nie przys\u0142uguje w takim przypadku prawo do odszkodowania ze strony Organizatora.<\/li>\n<li>O ile jest to niezb\u0119dne ze wzgl\u0119du na charakter Konferencji odbywaj\u0105cej si\u0119 z wykorzystaniem \u015brodk\u00f3w komunikacji elektronicznej, Organizator w procesie Zg\u0142oszenia przekazuje informacj\u0119 o ewentualnych dodatkowych wymaganiach technicznych niezb\u0119dnych do wzi\u0119cia udzia\u0142u w Konferencji.<\/li>\n<li>Organizator Konferencji, odbywaj\u0105cej si\u0119 z wykorzystaniem \u015brodk\u00f3w komunikacji elektronicznej nie ponosi odpowiedzialno\u015bci za:\n<ol>\n<li>Problemy telekomunikacyjne wywo\u0142ane dzia\u0142aniami lub zaniechaniami os\u00f3b trzecich<\/li>\n<li>Niedzia\u0142anie albo wadliwe dzia\u0142anie wykorzystywanego przez uczestnika Konferencji oprogramowania firm trzecich, w tym dzia\u0142anie wirus\u00f3w komputerowych<\/li>\n<li>Niew\u0142a\u015bciw\u0105 konfiguracj\u0119 sprz\u0119tu wykorzystanego przez uczestnika Konferencji w celu wzi\u0119cia udzia\u0142u w Konferencji<\/li>\n<li>Wady sprz\u0119tu komputerowego uczestnika Konferencji<\/li>\n<li>Brak lub przerwy w dost\u0119pie do Internetu po stronie uczestnik Konferencji<\/li>\n<li>Inne okoliczno\u015bci uniemo\u017cliwiaj\u0105ce lub utrudniaj\u0105ce uczestnictwo w Konferencji niespowodowane dzia\u0142aniami lub zaniechaniami Organizatora.<\/li>\n<\/ol>\n<\/li>\n<\/ol>\n<\/div><\/div><\/div><\/div><\/div><div class=\"w-tabs-section\" id=\"i36d\"><button aria-controls=\"content-i36d\" class=\"w-tabs-section-header\"><div class=\"w-tabs-section-title\"><strong>\u00a74<\/strong> Prawa autorskie<\/div><div class=\"w-tabs-section-control\"><\/div><\/button><div  class=\"w-tabs-section-content\" id=\"content-i36d\" aria-expanded=\"false\"><div class=\"w-tabs-section-content-h i-cf\"><div class=\"wpb_text_column\"><div class=\"wpb_wrapper\"><ol>\n<li>Nagrywanie, kopiowanie i rozpowszechnianie tre\u015bci Konferencji jest kategorycznie zabronione.<\/li>\n<li>Tre\u015bci prezentowane s\u0105 przez w\u0142a\u015bcicieli praw autorskich osobi\u015bcie lub za zgod\u0105 oraz wiedz\u0105 w\u0142a\u015bcicieli praw autorskich.<\/li>\n<li>Obr\u00f3t materia\u0142ami edukacyjnymi nast\u0119puje za zgod\u0105 ich tw\u00f3rc\u00f3w i nie narusza przepis\u00f3w prawa, zgodnie z ustaw\u0105 z dnia 4 lutego 1994 r. o prawie autorskim i prawach pokrewnych.<\/li>\n<\/ol>\n<\/div><\/div><\/div><\/div><\/div><div class=\"w-tabs-section\" id=\"j43a\"><button aria-controls=\"content-j43a\" class=\"w-tabs-section-header\"><div class=\"w-tabs-section-title\"><strong>\u00a75<\/strong> Reklamacje<\/div><div class=\"w-tabs-section-control\"><\/div><\/button><div  class=\"w-tabs-section-content\" id=\"content-j43a\" aria-expanded=\"false\"><div class=\"w-tabs-section-content-h i-cf\"><div class=\"wpb_text_column\"><div class=\"wpb_wrapper\"><p>Wszelkie reklamacje Uczestnik\u00f3w Konferencji wobec Organizatora powinny by\u0107 zg\u0142aszane w formie pisemnej listem poleconym za potwierdzeniem odbioru na adres siedziby Organizatora.<\/p>\n<\/div><\/div><\/div><\/div><\/div><div class=\"w-tabs-section\" id=\"b501\"><button aria-controls=\"content-b501\" class=\"w-tabs-section-header\"><div class=\"w-tabs-section-title\"><strong>\u00a76<\/strong> Postanowienia og\u00f3lne<\/div><div class=\"w-tabs-section-control\"><\/div><\/button><div  class=\"w-tabs-section-content\" id=\"content-b501\" aria-expanded=\"false\"><div class=\"w-tabs-section-content-h i-cf\"><div class=\"wpb_text_column\"><div class=\"wpb_wrapper\"><p>Niniejszy regulamin obowi\u0105zuje od chwili jego opublikowania na Stronie Konferencji. Organizator zastrzega sobie prawo do jego zmiany, z zastrze\u017ceniem, \u017ce dokonane zmiany obowi\u0105zuj\u0105 od chwili ich przekazania do publicznej wiadomo\u015bci. <\/p>\n<\/div><\/div><\/div><\/div><\/div><\/div><\/div><\/div><\/div><\/div><\/div><\/div><\/section>\n","protected":false},"excerpt":{"rendered":"Regulamin rejestracji i uczestnictwa w konferencji naukowej Sztuczna Inteligencja w Okulistyce 2022 \u00a71 Postanowienia og\u00f3lne Konferencja Sztuczna Inteligencja w Okulistyce 2022 zwana w dalszej cz\u0119\u015bci Konferencj\u0105 odb\u0119dzie si\u0119 3 czerwca 2022 roku w formule online. Organizatorem Konferencji jest Fundacja Wspierania Rozwoju Okulistyki \u201eOKULISTYKA 21\u201d z siedzib\u0105 w Poznaniu (60-836) przy ul. Adama Mickiewicza 24 lok....","protected":false},"author":1,"featured_media":0,"parent":0,"menu_order":16,"comment_status":"closed","ping_status":"closed","template":"","meta":{"footnotes":""},"acf":[],"_links":{"self":[{"href":"https:\/\/miopia.pl\/conference-2025\/wp-json\/wp\/v2\/pages\/148"}],"collection":[{"href":"https:\/\/miopia.pl\/conference-2025\/wp-json\/wp\/v2\/pages"}],"about":[{"href":"https:\/\/miopia.pl\/conference-2025\/wp-json\/wp\/v2\/types\/page"}],"author":[{"embeddable":true,"href":"https:\/\/miopia.pl\/conference-2025\/wp-json\/wp\/v2\/users\/1"}],"replies":[{"embeddable":true,"href":"https:\/\/miopia.pl\/conference-2025\/wp-json\/wp\/v2\/comments?post=148"}],"version-history":[{"count":26,"href":"https:\/\/miopia.pl\/conference-2025\/wp-json\/wp\/v2\/pages\/148\/revisions"}],"predecessor-version":[{"id":175,"href":"https:\/\/miopia.pl\/conference-2025\/wp-json\/wp\/v2\/pages\/148\/revisions\/175"}],"wp:attachment":[{"href":"https:\/\/miopia.pl\/conference-2025\/wp-json\/wp\/v2\/media?parent=148"}],"curies":[{"name":"wp","href":"https:\/\/api.w.org\/{rel}","templated":true}]}}