{"id":1287,"date":"2025-06-17T10:26:04","date_gmt":"2025-06-17T08:26:04","guid":{"rendered":"https:\/\/miopia.pl\/conference-2025\/?page_id=1287"},"modified":"2025-06-17T11:37:49","modified_gmt":"2025-06-17T09:37:49","slug":"punkty-edukacyjne","status":"publish","type":"page","link":"https:\/\/miopia.pl\/conference-2025\/punkty-edukacyjne\/","title":{"rendered":"Punkty edukacyjne"},"content":{"rendered":"<section class=\"l-section wpb_row height_medium\"><div class=\"l-section-h i-cf\"><div class=\"g-cols vc_row via_flex valign_top type_default stacking_default\"><div class=\"vc_col-sm-12 wpb_column vc_column_container\"><div class=\"vc_column-inner\"><div class=\"wpb_wrapper\"><div class=\"wpb_text_column\"><div class=\"wpb_wrapper\"><h2 data-renderer-start-pos=\"207\">Punkty edukacyjne dla optometryst\u00f3w<\/h2>\n<p data-renderer-start-pos=\"244\">Z przyjemno\u015bci\u0105 informujemy, \u017ce udzia\u0142 w konferencji uprawnia do uzyskania 5 punkt\u00f3w edukacyjnych dla optometryst\u00f3w.<\/p>\n<p data-renderer-start-pos=\"362\">Aby otrzyma\u0107 certyfikat z naliczonymi punktami edukacyjnymi, konieczne jest wype\u0142nienie formularza zg\u0142oszeniowego, kt\u00f3ry b\u0119dzie dost\u0119pny po zako\u0144czeniu konferencji, oraz nale\u017cy ui\u015bci\u0107 op\u0142at\u0119 za certyfikat w wysoko\u015bci 50 z\u0142, przes\u0142a\u0107 potwierdzenie przelewu na adres e-mail: <a class=\"css-1rn59kg\" title=\"mailto:p.zietek@okulistyka21.pl\" href=\"mailto:p.zietek@okulistyka21.pl\" data-testid=\"link-with-safety\" data-renderer-mark=\"true\">p.zietek@okulistyka21.pl.<\/a><\/p>\n<p data-renderer-start-pos=\"362\">Wp\u0142at\u0119 za udzia\u0142 prosimy kierowa\u0107 na konto bankowe:<\/p>\n<p data-renderer-start-pos=\"362\"><strong>59 1020 4027 0000 1002 2011 6586<\/strong><\/p>\n<p data-renderer-start-pos=\"680\">Po zaksi\u0119gowaniu p\u0142atno\u015bci, certyfikaty zostan\u0105 przes\u0142ane drog\u0105 mailow\u0105 w ci\u0105gu kilku dni od zako\u0144czenia wydarzenia.<\/p>\n<\/div><\/div><\/div><\/div><\/div><\/div><\/div><\/section><section class=\"l-section wpb_row height_medium\"><div class=\"l-section-h i-cf\"><div class=\"g-cols vc_row via_flex valign_top type_default stacking_default\"><div class=\"vc_col-sm-12 wpb_column vc_column_container\"><div class=\"vc_column-inner\"><div class=\"wpb_wrapper\"><form class=\"w-form  g-edu-points-form layout_ver for_cform us_form_1\" autocomplete=\"off\" action=\"https:\/\/miopia.pl\/conference-2025\/conference-2025\/wp-json\/wp\/v2\/pages\/1287\" method=\"post\" data-jquery-ui=\"https:\/\/miopia.pl\/conference-2025\/wp-includes\/js\/jquery\/ui\/datepicker.min.js\"><div class=\"w-form-h\"><div class=\"w-form-row for_text required cols_2\">\r\n\t\t<div class=\"w-form-row-field\">\r\n\t\t\t\t\t\t<input aria-label=\"Imi\u0119 i nazwisko\" type=\"text\" name=\"us_form_1_text_1\" value placeholder=\"Imi\u0119 i nazwisko *\" data-required=\"true\" aria-required=\"true\"\/>\r\n\t\t\t<\/div>\r\n\t\t<div class=\"w-form-row-state\">Wype\u0142nij to pole<\/div>\r\n<\/div>\r\n<div class=\"w-form-row for_date required cols_2\">\r\n\t\t<div class=\"w-form-row-field\">\r\n\t\t\t\t\t\t<input type=\"text\" name=\"us_form_1_date_1\" value inputmode=\"none\" data-date-format=\"d MM yy\" aria-label=\"Data urodzenia\" placeholder=\"Data urodzenia *\" data-required=\"true\" aria-required=\"true\"\/>\r\n\t\t\t<\/div>\r\n\t\t<div class=\"w-form-row-state\">Wype\u0142nij to pole<\/div>\r\n<\/div>\r\n<div class=\"w-form-row for_text required cols_2\">\r\n\t\t<div class=\"w-form-row-field\">\r\n\t\t\t\t\t\t<input aria-label=\"PESEL\" inputmode=\"numeric\" type=\"text\" name=\"us_form_1_text_2\" value placeholder=\"PESEL *\" data-required=\"true\" aria-required=\"true\"\/>\r\n\t\t\t<\/div>\r\n\t\t<div class=\"w-form-row-state\">Wype\u0142nij to pole<\/div>\r\n<\/div>\r\n<div class=\"w-form-row for_email required cols_2\">\r\n\t\t<div class=\"w-form-row-field\">\r\n\t\t\t\t\t\t<input aria-label=\"Adres e-mail\" type=\"email\" name=\"us_form_1_email_1\" value placeholder=\"Adres e-mail *\" data-required=\"true\" aria-required=\"true\"\/>\r\n\t\t\t<\/div>\r\n\t\t<div class=\"w-form-row-state\">Prosz\u0119 wpisa\u0107 prawid\u0142owy adres e-mail.<\/div>\r\n<\/div>\r\n<div class=\"w-form-row for_text cols_2\">\r\n\t\t<div class=\"w-form-row-field\">\r\n\t\t\t\t\t\t<input aria-label=\"Numer telefonu\" inputmode=\"tel\" type=\"text\" name=\"us_form_1_text_3\" value placeholder=\"Numer telefonu\"\/>\r\n\t\t\t<\/div>\r\n\t\t<div class=\"w-form-row-state\">Wype\u0142nij to pole<\/div>\r\n<\/div>\r\n<div class=\"w-form-row for_text required cols_2\">\r\n\t\t<div class=\"w-form-row-field\">\r\n\t\t\t\t\t\t<input aria-label=\"Numer PWZ\" inputmode=\"numeric\" type=\"text\" name=\"us_form_1_text_4\" value placeholder=\"Numer PWZ *\" data-required=\"true\" aria-required=\"true\"\/>\r\n\t\t\t<\/div>\r\n\t\t<div class=\"w-form-row-state\">Wype\u0142nij to pole<\/div>\r\n<\/div>\r\n<div class=\"w-form-row for_checkboxes has_label required\">\r\n\t\t\t<div class=\"w-form-row-label\">\r\n\t\t\t<span>Czy ubiegasz si\u0119 o przyznanie punkt\u00f3w edukacyjnych <span class=\"required\">*<\/span><\/span>\r\n\t\t<\/div>\r\n\t\t<div class=\"w-form-row-field\">\r\n\t\t\t\t\t<label>\r\n\t\t\t\t<input type=\"checkbox\" class=\"screen-reader-text\" name=\"us_form_1_checkboxes_1[]\" data-required=\"true\" value=\"Tak\"\/>\r\n\t\t\t\t<span class=\"w-form-checkbox\"><\/span>\r\n\t\t\t\t<span>Tak<\/span>\r\n\t\t\t<\/label>\r\n\t\t\t\t\t\t<label>\r\n\t\t\t\t<input type=\"checkbox\" class=\"screen-reader-text\" name=\"us_form_1_checkboxes_1[]\" data-required=\"true\" value=\"Nie\"\/>\r\n\t\t\t\t<span class=\"w-form-checkbox\"><\/span>\r\n\t\t\t\t<span>Nie<\/span>\r\n\t\t\t<\/label>\r\n\t\t\t\t<\/div>\r\n\t\t<div class=\"w-form-row-state\">Wybierz opcj\u0119<\/div>\r\n<\/div>\r\n<div class=\"w-form-row for_textarea required\">\r\n\t\t<div class=\"w-form-row-field\">\r\n\t\t\t\t\t\t<textarea aria-label=\"Nazwa i adres miejsca pracy lub uczelni\" name=\"us_form_1_textarea_1\" placeholder=\"Nazwa i adres miejsca pracy lub uczelni *\" data-required=\"true\" aria-required=\"true\"><\/textarea>\r\n\t\t\t<\/div>\r\n\t\t<div class=\"w-form-row-state\">Wype\u0142nij to pole<\/div>\r\n<\/div>\r\n<input type=\"hidden\" name=\"action\" value=\"us_ajax_cform\" \/>\r\n<input type=\"hidden\" name=\"post_id\" value=\"0\" \/>\r\n<input type=\"hidden\" name=\"form_index\" value=\"1\" \/>\r\n<div class=\"w-form-row for_submit align_none\">\r\n\t<div class=\"w-form-row-field\">\r\n\t\t<button class=\"w-btn  us-btn-style_1\" aria-label=\"Wy\u015blij\" type=\"submit\">\r\n\t\t\t<span class=\"g-preloader type_1\"><\/span>\r\n\t\t\t\t\t\t<span class=\"w-btn-label\">Wy\u015blij<\/span>\r\n\t\t\t\t\t<\/button>\r\n\t<\/div>\r\n<\/div>\r\n<\/div><div class=\"w-form-message\"><\/div><div class=\"w-form-json hidden\" onclick='return {&quot;ajaxurl&quot;:&quot;https:\\\/\\\/miopia.pl\\\/conference-2025\\\/wp-admin\\\/admin-ajax.php&quot;,&quot;jquery-ui-locale&quot;:{&quot;monthNames&quot;:[&quot;stycze\\u0144&quot;,&quot;luty&quot;,&quot;marzec&quot;,&quot;kwiecie\\u0144&quot;,&quot;maj&quot;,&quot;czerwiec&quot;,&quot;lipiec&quot;,&quot;sierpie\\u0144&quot;,&quot;wrzesie\\u0144&quot;,&quot;pa\\u017adziernik&quot;,&quot;listopad&quot;,&quot;grudzie\\u0144&quot;],&quot;monthNamesShort&quot;:[&quot;sty&quot;,&quot;lut&quot;,&quot;mar&quot;,&quot;kwi&quot;,&quot;maj&quot;,&quot;cze&quot;,&quot;lip&quot;,&quot;sie&quot;,&quot;wrz&quot;,&quot;pa\\u017a&quot;,&quot;lis&quot;,&quot;gru&quot;],&quot;nextText&quot;:&quot;Nast\\u0119pny&quot;,&quot;prevText&quot;:&quot;Poprzedni&quot;,&quot;dayNames&quot;:[&quot;niedziela&quot;,&quot;poniedzia\\u0142ek&quot;,&quot;wtorek&quot;,&quot;\\u015broda&quot;,&quot;czwartek&quot;,&quot;pi\\u0105tek&quot;,&quot;sobota&quot;],&quot;dayNamesShort&quot;:[&quot;niedz.&quot;,&quot;pon.&quot;,&quot;wt.&quot;,&quot;\\u015br.&quot;,&quot;czw.&quot;,&quot;pt.&quot;,&quot;sob.&quot;],&quot;dayNamesMin&quot;:[&quot;N&quot;,&quot;P&quot;,&quot;W&quot;,&quot;\\u015a&quot;,&quot;C&quot;,&quot;P&quot;,&quot;S&quot;],&quot;firstDay&quot;:1,&quot;isRTL&quot;:false}}'><\/div><\/form><\/div><\/div><\/div><\/div><\/div><\/section>\n","protected":false},"excerpt":{"rendered":"Punkty edukacyjne dla optometryst\u00f3w Z przyjemno\u015bci\u0105 informujemy, \u017ce udzia\u0142 w konferencji uprawnia do uzyskania 5 punkt\u00f3w edukacyjnych dla optometryst\u00f3w. Aby otrzyma\u0107 certyfikat z naliczonymi punktami edukacyjnymi, konieczne jest wype\u0142nienie formularza zg\u0142oszeniowego, kt\u00f3ry b\u0119dzie dost\u0119pny po zako\u0144czeniu konferencji, oraz nale\u017cy ui\u015bci\u0107 op\u0142at\u0119 za certyfikat w wysoko\u015bci 50 z\u0142, przes\u0142a\u0107 potwierdzenie przelewu na adres e-mail: p.zietek@okulistyka21.pl. Wp\u0142at\u0119...","protected":false},"author":1,"featured_media":0,"parent":0,"menu_order":2,"comment_status":"closed","ping_status":"closed","template":"","meta":{"footnotes":""},"acf":[],"_links":{"self":[{"href":"https:\/\/miopia.pl\/conference-2025\/wp-json\/wp\/v2\/pages\/1287"}],"collection":[{"href":"https:\/\/miopia.pl\/conference-2025\/wp-json\/wp\/v2\/pages"}],"about":[{"href":"https:\/\/miopia.pl\/conference-2025\/wp-json\/wp\/v2\/types\/page"}],"author":[{"embeddable":true,"href":"https:\/\/miopia.pl\/conference-2025\/wp-json\/wp\/v2\/users\/1"}],"replies":[{"embeddable":true,"href":"https:\/\/miopia.pl\/conference-2025\/wp-json\/wp\/v2\/comments?post=1287"}],"version-history":[{"count":6,"href":"https:\/\/miopia.pl\/conference-2025\/wp-json\/wp\/v2\/pages\/1287\/revisions"}],"predecessor-version":[{"id":1302,"href":"https:\/\/miopia.pl\/conference-2025\/wp-json\/wp\/v2\/pages\/1287\/revisions\/1302"}],"wp:attachment":[{"href":"https:\/\/miopia.pl\/conference-2025\/wp-json\/wp\/v2\/media?parent=1287"}],"curies":[{"name":"wp","href":"https:\/\/api.w.org\/{rel}","templated":true}]}}