{"id":1202,"date":"2025-03-10T15:04:15","date_gmt":"2025-03-10T14:04:15","guid":{"rendered":"https:\/\/miopia.pl\/conference-2025\/?page_id=1202"},"modified":"2025-03-10T15:23:57","modified_gmt":"2025-03-10T14:23:57","slug":"prelegenci-2024","status":"publish","type":"page","link":"https:\/\/miopia.pl\/conference-2025\/konferencja-2024\/prelegenci-2024\/","title":{"rendered":"Prelegenci 2024"},"content":{"rendered":"<section class=\"l-section wpb_row height_medium\" id=\"preleg-box\"><div class=\"l-section-h i-cf\"><div class=\"g-cols vc_row via_flex valign_top type_default stacking_default\"><div class=\"vc_col-sm-12 wpb_column vc_column_container\"><div class=\"vc_column-inner\"><div class=\"wpb_wrapper\"><div class=\"w-grid first-row-grid type_grid layout_205 overflow_hidden\" id=\"us_grid_1\"><style>#us_grid_1 .w-grid-item:not(:last-child){margin-bottom:1.5rem}#us_grid_1 .g-loadmore{margin-top:1.5rem}.layout_205 .w-grid-item-h{background:var(--color-content-bg);color:var(--color-content-text);border-radius:1rem;box-shadow:0 0.15rem 0.3rem rgba(0,0,0,0.1),0 0.5rem 1.5rem rgba(0,0,0,0.1);transition-duration:0.3s}.layout_205 .usg_vwrapper_1{padding:1.5rem 1rem 1.5rem 1rem!important}.layout_205 .usg_post_title_1{font-size:1.25rem!important;font-weight:500!important;font-style:italic!important}<\/style><div class=\"w-grid-list\">\t<article class=\"w-grid-item size_1x1 post-223 us_portfolio type-us_portfolio status-publish has-post-thumbnail hentry us_portfolio_tag-14\" data-id=\"223\">\r\n\t\t<div class=\"w-grid-item-h\">\r\n\t\t\t\t\t\t<div class=\"w-post-elm post_image usg_post_image_1 has_ratio\"><div style=\"padding-bottom:150%\"><\/div><a href=\"https:\/\/miopia.pl\/conference-2025\/prelegenci\/prof-dr-hab-med-andrzej-grzybowski\/\" aria-label=\"Prof. Andrzej Grzybowski\"><img loading=\"lazy\" decoding=\"async\" width=\"333\" height=\"333\" src=\"https:\/\/miopia.pl\/conference-2025\/wp-content\/uploads\/2022\/05\/Prof-Andrzej-Grzybowski.jpg\" class=\"attachment-large size-large wp-post-image\" alt=\"\" srcset=\"https:\/\/miopia.pl\/conference-2025\/wp-content\/uploads\/2022\/05\/Prof-Andrzej-Grzybowski.jpg 333w, https:\/\/miopia.pl\/conference-2025\/wp-content\/uploads\/2022\/05\/Prof-Andrzej-Grzybowski-300x300.jpg 300w, https:\/\/miopia.pl\/conference-2025\/wp-content\/uploads\/2022\/05\/Prof-Andrzej-Grzybowski-150x150.jpg 150w\" sizes=\"(max-width: 333px) 100vw, 333px\" \/><\/a><\/div><div class=\"w-vwrapper usg_vwrapper_1 align_center valign_middle\" style=\"--vwrapper-gap:0px\"><h4 class=\"w-post-elm post_title usg_post_title_1 align_center entry-title color_link_inherit\"><a href=\"https:\/\/miopia.pl\/conference-2025\/prelegenci\/prof-dr-hab-med-andrzej-grzybowski\/\">Prof. Andrzej Grzybowski<\/a><\/h4><\/div>\t\t<\/div>\r\n\t<\/article>\r\n<\/div><div class=\"w-grid-preloader\"><div class=\"g-preloader type_1\">\r\n\t<div><\/div>\r\n<\/div>\r\n<\/div>\t<div class=\"w-grid-json hidden\" onclick='return {&quot;action&quot;:&quot;us_ajax_grid&quot;,&quot;ajax_url&quot;:&quot;https:\\\/\\\/miopia.pl\\\/conference-2025\\\/wp-admin\\\/admin-ajax.php&quot;,&quot;infinite_scroll&quot;:0,&quot;max_num_pages&quot;:1,&quot;pagination&quot;:&quot;none&quot;,&quot;permalink_url&quot;:&quot;https:\\\/\\\/miopia.pl\\\/conference-2025\\\/wp-json\\\/wp\\\/v2\\\/pages\\\/1202&quot;,&quot;template_vars&quot;:{&quot;columns&quot;:&quot;1&quot;,&quot;exclude_items&quot;:&quot;none&quot;,&quot;img_size&quot;:&quot;default&quot;,&quot;ignore_items_size&quot;:false,&quot;items_layout&quot;:&quot;205&quot;,&quot;items_offset&quot;:&quot;1&quot;,&quot;load_animation&quot;:&quot;none&quot;,&quot;overriding_link&quot;:&quot;none&quot;,&quot;post_id&quot;:1202,&quot;query_args&quot;:{&quot;ignore_sticky_posts&quot;:1,&quot;post_type&quot;:&quot;any&quot;,&quot;post__in&quot;:[&quot;223&quot;],&quot;posts_per_page&quot;:&quot;1&quot;},&quot;orderby_query_args&quot;:{&quot;orderby&quot;:{&quot;menu_order&quot;:&quot;ASC&quot;},&quot;order&quot;:&quot;ASC&quot;},&quot;type&quot;:&quot;grid&quot;,&quot;us_grid_ajax_index&quot;:1,&quot;us_grid_filter_params&quot;:null,&quot;us_grid_index&quot;:1,&quot;_us_grid_post_type&quot;:&quot;ids&quot;}}'><\/div>\r\n\t<\/div><div class=\"w-grid first-row-grid type_grid layout_205 cols_3 overflow_hidden\" id=\"us_grid_2\"><style>#us_grid_2 .w-grid-item{padding:1.5rem}#us_grid_2 .w-grid-list{margin:-1.5rem}.w-grid + #us_grid_2 .w-grid-list,.w-grid-none + #us_grid_2 .w-grid-list{margin-top:1.5rem}@media (max-width:899px){#us_grid_2 .w-grid-item{width:50%}}@media (max-width:599px){#us_grid_2 .w-grid-list{margin:0}#us_grid_2 .w-grid-item{width:100%;padding:0;margin-bottom:1.5rem}}<\/style><div class=\"w-grid-list\">\t<article class=\"w-grid-item size_1x1 post-1012 us_portfolio type-us_portfolio status-publish has-post-thumbnail hentry us_portfolio_tag-14\" data-id=\"1012\">\r\n\t\t<div class=\"w-grid-item-h\">\r\n\t\t\t\t\t\t<div class=\"w-post-elm post_image usg_post_image_1 has_ratio\"><div style=\"padding-bottom:150%\"><\/div><a href=\"https:\/\/miopia.pl\/conference-2025\/prelegenci\/mark-a-bullimore\/\" aria-label=\"Mark A. Bullimore\"><img loading=\"lazy\" decoding=\"async\" width=\"526\" height=\"600\" src=\"https:\/\/miopia.pl\/conference-2025\/wp-content\/uploads\/2024\/06\/M.A.Bullimore.jpg\" class=\"attachment-large size-large wp-post-image\" alt=\"\" srcset=\"https:\/\/miopia.pl\/conference-2025\/wp-content\/uploads\/2024\/06\/M.A.Bullimore.jpg 526w, https:\/\/miopia.pl\/conference-2025\/wp-content\/uploads\/2024\/06\/M.A.Bullimore-263x300.jpg 263w, https:\/\/miopia.pl\/conference-2025\/wp-content\/uploads\/2024\/06\/M.A.Bullimore-132x150.jpg 132w\" sizes=\"(max-width: 526px) 100vw, 526px\" \/><\/a><\/div><div class=\"w-vwrapper usg_vwrapper_1 align_center valign_middle\" style=\"--vwrapper-gap:0px\"><h4 class=\"w-post-elm post_title usg_post_title_1 align_center entry-title color_link_inherit\"><a href=\"https:\/\/miopia.pl\/conference-2025\/prelegenci\/mark-a-bullimore\/\">Mark A. Bullimore<\/a><\/h4><\/div>\t\t<\/div>\r\n\t<\/article>\r\n\t<article class=\"w-grid-item size_1x1 post-1018 us_portfolio type-us_portfolio status-publish has-post-thumbnail hentry us_portfolio_tag-14\" data-id=\"1018\">\r\n\t\t<div class=\"w-grid-item-h\">\r\n\t\t\t\t\t\t<div class=\"w-post-elm post_image usg_post_image_1 has_ratio\"><div style=\"padding-bottom:150%\"><\/div><a href=\"https:\/\/miopia.pl\/conference-2025\/prelegenci\/rean-ferreira-oliveira\/\" aria-label=\"Rean Ferreira Oliveira\"><img loading=\"lazy\" decoding=\"async\" width=\"600\" height=\"600\" src=\"https:\/\/miopia.pl\/conference-2025\/wp-content\/uploads\/2024\/06\/R.-Ferreira-Oliveira.jpg\" class=\"attachment-large size-large wp-post-image\" alt=\"\" srcset=\"https:\/\/miopia.pl\/conference-2025\/wp-content\/uploads\/2024\/06\/R.-Ferreira-Oliveira.jpg 600w, https:\/\/miopia.pl\/conference-2025\/wp-content\/uploads\/2024\/06\/R.-Ferreira-Oliveira-300x300.jpg 300w, https:\/\/miopia.pl\/conference-2025\/wp-content\/uploads\/2024\/06\/R.-Ferreira-Oliveira-150x150.jpg 150w\" sizes=\"(max-width: 600px) 100vw, 600px\" \/><\/a><\/div><div class=\"w-vwrapper usg_vwrapper_1 align_center valign_middle\" style=\"--vwrapper-gap:0px\"><h4 class=\"w-post-elm post_title usg_post_title_1 align_center entry-title color_link_inherit\"><a href=\"https:\/\/miopia.pl\/conference-2025\/prelegenci\/rean-ferreira-oliveira\/\">Rean Ferreira Oliveira<\/a><\/h4><\/div>\t\t<\/div>\r\n\t<\/article>\r\n\t<article class=\"w-grid-item size_1x1 post-1028 us_portfolio type-us_portfolio status-publish has-post-thumbnail hentry us_portfolio_tag-14 us_portfolio_tag-11\" data-id=\"1028\">\r\n\t\t<div class=\"w-grid-item-h\">\r\n\t\t\t\t\t\t<div class=\"w-post-elm post_image usg_post_image_1 has_ratio\"><div style=\"padding-bottom:150%\"><\/div><a href=\"https:\/\/miopia.pl\/conference-2025\/prelegenci\/carla-lanca\/\" aria-label=\"Carla Lanca\"><img loading=\"lazy\" decoding=\"async\" width=\"600\" height=\"600\" src=\"https:\/\/miopia.pl\/conference-2025\/wp-content\/uploads\/2024\/06\/Photo-Carla-2022.jpg\" class=\"attachment-large size-large wp-post-image\" alt=\"\" srcset=\"https:\/\/miopia.pl\/conference-2025\/wp-content\/uploads\/2024\/06\/Photo-Carla-2022.jpg 600w, https:\/\/miopia.pl\/conference-2025\/wp-content\/uploads\/2024\/06\/Photo-Carla-2022-300x300.jpg 300w, https:\/\/miopia.pl\/conference-2025\/wp-content\/uploads\/2024\/06\/Photo-Carla-2022-150x150.jpg 150w\" sizes=\"(max-width: 600px) 100vw, 600px\" \/><\/a><\/div><div class=\"w-vwrapper usg_vwrapper_1 align_center valign_middle\" style=\"--vwrapper-gap:0px\"><h4 class=\"w-post-elm post_title usg_post_title_1 align_center entry-title color_link_inherit\"><a href=\"https:\/\/miopia.pl\/conference-2025\/prelegenci\/carla-lanca\/\">Carla Lanca<\/a><\/h4><\/div>\t\t<\/div>\r\n\t<\/article>\r\n\t<article class=\"w-grid-item size_1x1 post-1037 us_portfolio type-us_portfolio status-publish has-post-thumbnail hentry us_portfolio_tag-14\" data-id=\"1037\">\r\n\t\t<div class=\"w-grid-item-h\">\r\n\t\t\t\t\t\t<div class=\"w-post-elm post_image usg_post_image_1 has_ratio\"><div style=\"padding-bottom:150%\"><\/div><a href=\"https:\/\/miopia.pl\/conference-2025\/prelegenci\/pei-chang-wu\/\" aria-label=\"Pei Chang-Wu\"><img loading=\"lazy\" decoding=\"async\" width=\"451\" height=\"600\" src=\"https:\/\/miopia.pl\/conference-2025\/wp-content\/uploads\/2024\/06\/Pei-Chang-Wu-2022.jpg\" class=\"attachment-large size-large wp-post-image\" alt=\"\" srcset=\"https:\/\/miopia.pl\/conference-2025\/wp-content\/uploads\/2024\/06\/Pei-Chang-Wu-2022.jpg 451w, https:\/\/miopia.pl\/conference-2025\/wp-content\/uploads\/2024\/06\/Pei-Chang-Wu-2022-226x300.jpg 226w, https:\/\/miopia.pl\/conference-2025\/wp-content\/uploads\/2024\/06\/Pei-Chang-Wu-2022-113x150.jpg 113w\" sizes=\"(max-width: 451px) 100vw, 451px\" \/><\/a><\/div><div class=\"w-vwrapper usg_vwrapper_1 align_center valign_middle\" style=\"--vwrapper-gap:0px\"><h4 class=\"w-post-elm post_title usg_post_title_1 align_center entry-title color_link_inherit\"><a href=\"https:\/\/miopia.pl\/conference-2025\/prelegenci\/pei-chang-wu\/\">Pei Chang-Wu<\/a><\/h4><\/div>\t\t<\/div>\r\n\t<\/article>\r\n\t<article class=\"w-grid-item size_1x1 post-1043 us_portfolio type-us_portfolio status-publish has-post-thumbnail hentry us_portfolio_tag-14\" data-id=\"1043\">\r\n\t\t<div class=\"w-grid-item-h\">\r\n\t\t\t\t\t\t<div class=\"w-post-elm post_image usg_post_image_1 has_ratio\"><div style=\"padding-bottom:150%\"><\/div><a href=\"https:\/\/miopia.pl\/conference-2025\/prelegenci\/imran-jawaid\/\" aria-label=\"Imran Jawaid\"><img loading=\"lazy\" decoding=\"async\" width=\"436\" height=\"600\" src=\"https:\/\/miopia.pl\/conference-2025\/wp-content\/uploads\/2024\/06\/imran-jawaid.jpg\" class=\"attachment-large size-large wp-post-image\" alt=\"\" srcset=\"https:\/\/miopia.pl\/conference-2025\/wp-content\/uploads\/2024\/06\/imran-jawaid.jpg 436w, https:\/\/miopia.pl\/conference-2025\/wp-content\/uploads\/2024\/06\/imran-jawaid-218x300.jpg 218w, https:\/\/miopia.pl\/conference-2025\/wp-content\/uploads\/2024\/06\/imran-jawaid-109x150.jpg 109w\" sizes=\"(max-width: 436px) 100vw, 436px\" \/><\/a><\/div><div class=\"w-vwrapper usg_vwrapper_1 align_center valign_middle\" style=\"--vwrapper-gap:0px\"><h4 class=\"w-post-elm post_title usg_post_title_1 align_center entry-title color_link_inherit\"><a href=\"https:\/\/miopia.pl\/conference-2025\/prelegenci\/imran-jawaid\/\">Imran Jawaid<\/a><\/h4><\/div>\t\t<\/div>\r\n\t<\/article>\r\n\t<article class=\"w-grid-item size_1x1 post-1049 us_portfolio type-us_portfolio status-publish has-post-thumbnail hentry us_portfolio_tag-14\" data-id=\"1049\">\r\n\t\t<div class=\"w-grid-item-h\">\r\n\t\t\t\t\t\t<div class=\"w-post-elm post_image usg_post_image_1 has_ratio\"><div style=\"padding-bottom:150%\"><\/div><a href=\"https:\/\/miopia.pl\/conference-2025\/prelegenci\/david-kern\/\" aria-label=\"David Kern\"><img loading=\"lazy\" decoding=\"async\" width=\"600\" height=\"400\" src=\"https:\/\/miopia.pl\/conference-2025\/wp-content\/uploads\/2024\/06\/Kern-David-20200910-07.jpg\" class=\"attachment-large size-large wp-post-image\" alt=\"\" srcset=\"https:\/\/miopia.pl\/conference-2025\/wp-content\/uploads\/2024\/06\/Kern-David-20200910-07.jpg 600w, https:\/\/miopia.pl\/conference-2025\/wp-content\/uploads\/2024\/06\/Kern-David-20200910-07-300x200.jpg 300w, https:\/\/miopia.pl\/conference-2025\/wp-content\/uploads\/2024\/06\/Kern-David-20200910-07-150x100.jpg 150w\" sizes=\"(max-width: 600px) 100vw, 600px\" \/><\/a><\/div><div class=\"w-vwrapper usg_vwrapper_1 align_center valign_middle\" style=\"--vwrapper-gap:0px\"><h4 class=\"w-post-elm post_title usg_post_title_1 align_center entry-title color_link_inherit\"><a href=\"https:\/\/miopia.pl\/conference-2025\/prelegenci\/david-kern\/\">David Kern<\/a><\/h4><\/div>\t\t<\/div>\r\n\t<\/article>\r\n\t<article class=\"w-grid-item size_1x1 post-1055 us_portfolio type-us_portfolio status-publish has-post-thumbnail hentry us_portfolio_tag-14 us_portfolio_tag-11\" data-id=\"1055\">\r\n\t\t<div class=\"w-grid-item-h\">\r\n\t\t\t\t\t\t<div class=\"w-post-elm post_image usg_post_image_1 has_ratio\"><div style=\"padding-bottom:150%\"><\/div><a href=\"https:\/\/miopia.pl\/conference-2025\/prelegenci\/hakan-kaymak\/\" aria-label=\"Hakan Kaymak\"><img loading=\"lazy\" decoding=\"async\" width=\"480\" height=\"600\" src=\"https:\/\/miopia.pl\/conference-2025\/wp-content\/uploads\/2024\/06\/Prof.-Hakan-Kaymak.jpg\" class=\"attachment-large size-large wp-post-image\" alt=\"\" srcset=\"https:\/\/miopia.pl\/conference-2025\/wp-content\/uploads\/2024\/06\/Prof.-Hakan-Kaymak.jpg 480w, https:\/\/miopia.pl\/conference-2025\/wp-content\/uploads\/2024\/06\/Prof.-Hakan-Kaymak-240x300.jpg 240w, https:\/\/miopia.pl\/conference-2025\/wp-content\/uploads\/2024\/06\/Prof.-Hakan-Kaymak-120x150.jpg 120w\" sizes=\"(max-width: 480px) 100vw, 480px\" \/><\/a><\/div><div class=\"w-vwrapper usg_vwrapper_1 align_center valign_middle\" style=\"--vwrapper-gap:0px\"><h4 class=\"w-post-elm post_title usg_post_title_1 align_center entry-title color_link_inherit\"><a href=\"https:\/\/miopia.pl\/conference-2025\/prelegenci\/hakan-kaymak\/\">Hakan Kaymak<\/a><\/h4><\/div>\t\t<\/div>\r\n\t<\/article>\r\n\t<article class=\"w-grid-item size_1x1 post-1061 us_portfolio type-us_portfolio status-publish has-post-thumbnail hentry us_portfolio_tag-14\" data-id=\"1061\">\r\n\t\t<div class=\"w-grid-item-h\">\r\n\t\t\t\t\t\t<div class=\"w-post-elm post_image usg_post_image_1 has_ratio\"><div style=\"padding-bottom:150%\"><\/div><a href=\"https:\/\/miopia.pl\/conference-2025\/prelegenci\/mohammad-hassan-emanian\/\" aria-label=\"Mohammad Hassan Emanian\"><img loading=\"lazy\" decoding=\"async\" width=\"450\" height=\"600\" src=\"https:\/\/miopia.pl\/conference-2025\/wp-content\/uploads\/2024\/06\/Mohammad-Hassan-E.jpg\" class=\"attachment-large size-large wp-post-image\" alt=\"\" srcset=\"https:\/\/miopia.pl\/conference-2025\/wp-content\/uploads\/2024\/06\/Mohammad-Hassan-E.jpg 450w, https:\/\/miopia.pl\/conference-2025\/wp-content\/uploads\/2024\/06\/Mohammad-Hassan-E-225x300.jpg 225w, https:\/\/miopia.pl\/conference-2025\/wp-content\/uploads\/2024\/06\/Mohammad-Hassan-E-113x150.jpg 113w\" sizes=\"(max-width: 450px) 100vw, 450px\" \/><\/a><\/div><div class=\"w-vwrapper usg_vwrapper_1 align_center valign_middle\" style=\"--vwrapper-gap:0px\"><h4 class=\"w-post-elm post_title usg_post_title_1 align_center entry-title color_link_inherit\"><a href=\"https:\/\/miopia.pl\/conference-2025\/prelegenci\/mohammad-hassan-emanian\/\">Mohammad Hassan Emanian<\/a><\/h4><\/div>\t\t<\/div>\r\n\t<\/article>\r\n\t<article class=\"w-grid-item size_1x1 post-1067 us_portfolio type-us_portfolio status-publish has-post-thumbnail hentry us_portfolio_tag-14\" data-id=\"1067\">\r\n\t\t<div class=\"w-grid-item-h\">\r\n\t\t\t\t\t\t<div class=\"w-post-elm post_image usg_post_image_1 has_ratio\"><div style=\"padding-bottom:150%\"><\/div><a href=\"https:\/\/miopia.pl\/conference-2025\/prelegenci\/ki-ho-park\/\" aria-label=\"KI HO Park\"><img loading=\"lazy\" decoding=\"async\" width=\"400\" height=\"600\" src=\"https:\/\/miopia.pl\/conference-2025\/wp-content\/uploads\/2024\/06\/KiHoPark-Lab-Coat.jpg\" class=\"attachment-large size-large wp-post-image\" alt=\"\" srcset=\"https:\/\/miopia.pl\/conference-2025\/wp-content\/uploads\/2024\/06\/KiHoPark-Lab-Coat.jpg 400w, https:\/\/miopia.pl\/conference-2025\/wp-content\/uploads\/2024\/06\/KiHoPark-Lab-Coat-200x300.jpg 200w, https:\/\/miopia.pl\/conference-2025\/wp-content\/uploads\/2024\/06\/KiHoPark-Lab-Coat-100x150.jpg 100w\" sizes=\"(max-width: 400px) 100vw, 400px\" \/><\/a><\/div><div class=\"w-vwrapper usg_vwrapper_1 align_center valign_middle\" style=\"--vwrapper-gap:0px\"><h4 class=\"w-post-elm post_title usg_post_title_1 align_center entry-title color_link_inherit\"><a href=\"https:\/\/miopia.pl\/conference-2025\/prelegenci\/ki-ho-park\/\">KI HO Park<\/a><\/h4><\/div>\t\t<\/div>\r\n\t<\/article>\r\n\t<article class=\"w-grid-item size_1x1 post-1073 us_portfolio type-us_portfolio status-publish has-post-thumbnail hentry us_portfolio_tag-14\" data-id=\"1073\">\r\n\t\t<div class=\"w-grid-item-h\">\r\n\t\t\t\t\t\t<div class=\"w-post-elm post_image usg_post_image_1 has_ratio\"><div style=\"padding-bottom:150%\"><\/div><a href=\"https:\/\/miopia.pl\/conference-2025\/prelegenci\/joanna-przezdziecka-dolyk\/\" aria-label=\"Joanna Prze\u017adziecka \u2013 Do\u0142yk\"><img loading=\"lazy\" decoding=\"async\" width=\"400\" height=\"600\" src=\"https:\/\/miopia.pl\/conference-2025\/wp-content\/uploads\/2024\/06\/JPD-zdjecie.jpg\" class=\"attachment-large size-large wp-post-image\" alt=\"\" srcset=\"https:\/\/miopia.pl\/conference-2025\/wp-content\/uploads\/2024\/06\/JPD-zdjecie.jpg 400w, https:\/\/miopia.pl\/conference-2025\/wp-content\/uploads\/2024\/06\/JPD-zdjecie-200x300.jpg 200w, https:\/\/miopia.pl\/conference-2025\/wp-content\/uploads\/2024\/06\/JPD-zdjecie-100x150.jpg 100w\" sizes=\"(max-width: 400px) 100vw, 400px\" \/><\/a><\/div><div class=\"w-vwrapper usg_vwrapper_1 align_center valign_middle\" style=\"--vwrapper-gap:0px\"><h4 class=\"w-post-elm post_title usg_post_title_1 align_center entry-title color_link_inherit\"><a href=\"https:\/\/miopia.pl\/conference-2025\/prelegenci\/joanna-przezdziecka-dolyk\/\">Joanna Prze\u017adziecka \u2013 Do\u0142yk<\/a><\/h4><\/div>\t\t<\/div>\r\n\t<\/article>\r\n<\/div><div class=\"w-grid-preloader\"><div class=\"g-preloader type_1\">\r\n\t<div><\/div>\r\n<\/div>\r\n<\/div>\t<div class=\"w-grid-json hidden\" onclick='return {&quot;action&quot;:&quot;us_ajax_grid&quot;,&quot;ajax_url&quot;:&quot;https:\\\/\\\/miopia.pl\\\/conference-2025\\\/wp-admin\\\/admin-ajax.php&quot;,&quot;infinite_scroll&quot;:0,&quot;max_num_pages&quot;:1,&quot;pagination&quot;:&quot;none&quot;,&quot;permalink_url&quot;:&quot;https:\\\/\\\/miopia.pl\\\/conference-2025\\\/wp-json\\\/wp\\\/v2\\\/pages\\\/1202&quot;,&quot;template_vars&quot;:{&quot;columns&quot;:&quot;3&quot;,&quot;exclude_items&quot;:&quot;prev&quot;,&quot;img_size&quot;:&quot;default&quot;,&quot;ignore_items_size&quot;:false,&quot;items_layout&quot;:&quot;205&quot;,&quot;items_offset&quot;:&quot;1&quot;,&quot;load_animation&quot;:&quot;none&quot;,&quot;overriding_link&quot;:&quot;none&quot;,&quot;post_id&quot;:223,&quot;query_args&quot;:{&quot;post_type&quot;:[&quot;us_portfolio&quot;],&quot;tax_query&quot;:[{&quot;taxonomy&quot;:&quot;us_portfolio_tag&quot;,&quot;field&quot;:&quot;slug&quot;,&quot;terms&quot;:[&quot;2024&quot;]}],&quot;post_status&quot;:[&quot;publish&quot;,&quot;acf-disabled&quot;],&quot;post__not_in&quot;:[223],&quot;posts_per_page&quot;:&quot;20&quot;},&quot;orderby_query_args&quot;:{&quot;orderby&quot;:{&quot;date&quot;:&quot;ASC&quot;}},&quot;type&quot;:&quot;grid&quot;,&quot;us_grid_ajax_index&quot;:1,&quot;us_grid_filter_params&quot;:null,&quot;us_grid_index&quot;:2,&quot;_us_grid_post_type&quot;:&quot;us_portfolio&quot;}}'><\/div>\r\n\t<\/div><\/div><\/div><\/div><\/div><\/div><\/section>\n","protected":false},"excerpt":{"rendered":"Doktor nauk medycznych, specjalista chor\u00f3b oczu, posiadaj\u0105cy uprawnienia zar\u00f3wno krajowe jak i europejskie (Fellow of European Board of Ophthalmology). Specjalizacj\u0119 uko\u0144czy\u0142a w Klinice Okulistyki Wroc\u0142awskiego Uniwersytetu Medycznego oraz na Uniwersytecie Edynburskim, uzyskuj\u0105c unikalny tytu\u0142 Chirurgiae Master of Clinical Ophthalmology with Merit. Beneficjent wyj\u0105tkowego stypendium sponsorowanego przez Polish School of Medicine Memorial Fund. Pracownik naukowo-dydaktyczny Wydzia\u0142u...","protected":false},"author":1,"featured_media":0,"parent":1132,"menu_order":3,"comment_status":"closed","ping_status":"closed","template":"","meta":{"footnotes":""},"acf":[],"_links":{"self":[{"href":"https:\/\/miopia.pl\/conference-2025\/wp-json\/wp\/v2\/pages\/1202"}],"collection":[{"href":"https:\/\/miopia.pl\/conference-2025\/wp-json\/wp\/v2\/pages"}],"about":[{"href":"https:\/\/miopia.pl\/conference-2025\/wp-json\/wp\/v2\/types\/page"}],"author":[{"embeddable":true,"href":"https:\/\/miopia.pl\/conference-2025\/wp-json\/wp\/v2\/users\/1"}],"replies":[{"embeddable":true,"href":"https:\/\/miopia.pl\/conference-2025\/wp-json\/wp\/v2\/comments?post=1202"}],"version-history":[{"count":4,"href":"https:\/\/miopia.pl\/conference-2025\/wp-json\/wp\/v2\/pages\/1202\/revisions"}],"predecessor-version":[{"id":1227,"href":"https:\/\/miopia.pl\/conference-2025\/wp-json\/wp\/v2\/pages\/1202\/revisions\/1227"}],"up":[{"embeddable":true,"href":"https:\/\/miopia.pl\/conference-2025\/wp-json\/wp\/v2\/pages\/1132"}],"wp:attachment":[{"href":"https:\/\/miopia.pl\/conference-2025\/wp-json\/wp\/v2\/media?parent=1202"}],"curies":[{"name":"wp","href":"https:\/\/api.w.org\/{rel}","templated":true}]}}