{"id":1132,"date":"2025-01-15T10:15:59","date_gmt":"2025-01-15T09:15:59","guid":{"rendered":"https:\/\/miopia.pl\/conference-2025\/?page_id=1132"},"modified":"2025-03-10T15:05:22","modified_gmt":"2025-03-10T14:05:22","slug":"konferencja-2024","status":"publish","type":"page","link":"https:\/\/miopia.pl\/conference-2025\/konferencja-2024\/","title":{"rendered":"Konferencja 2024"},"content":{"rendered":"<section class=\"l-section wpb_row height_medium width_full\"><div class=\"l-section-h i-cf\"><div class=\"g-cols vc_row via_flex valign_top type_default stacking_default\"><div class=\"vc_col-sm-12 wpb_column vc_column_container\"><div class=\"vc_column-inner\"><div class=\"wpb_wrapper\"><div class=\"w-image align_center\"><div class=\"w-image-h\"><img loading=\"lazy\" decoding=\"async\" width=\"1920\" height=\"1080\" src=\"https:\/\/miopia.pl\/conference-2025\/wp-content\/uploads\/2024\/02\/miopia-baner-pl.jpg\" class=\"attachment-full size-full\" alt=\"\" srcset=\"https:\/\/miopia.pl\/conference-2025\/wp-content\/uploads\/2024\/02\/miopia-baner-pl.jpg 1920w, https:\/\/miopia.pl\/conference-2025\/wp-content\/uploads\/2024\/02\/miopia-baner-pl-300x169.jpg 300w, https:\/\/miopia.pl\/conference-2025\/wp-content\/uploads\/2024\/02\/miopia-baner-pl-150x84.jpg 150w\" sizes=\"(max-width: 1920px) 100vw, 1920px\" \/><\/div><\/div><\/div><\/div><\/div><\/div><\/div><\/section><section class=\"l-section wpb_row us_custom_eb849559 height_medium\" id=\"links-conf2024\"><div class=\"l-section-h i-cf\"><div class=\"g-cols vc_row via_flex valign_top type_default stacking_default\"><div class=\"vc_col-sm-4 wpb_column vc_column_container\"><div class=\"vc_column-inner\"><div class=\"wpb_wrapper\"><h2 class=\"w-text\"><a href=\"https:\/\/miopia.pl\/conference-2024\/nagrania-2024\/\" class=\"w-text-h\"><span class=\"w-text-value\">Nagrania 2024<\/span><\/a><\/h2><\/div><\/div><\/div><div class=\"vc_col-sm-4 wpb_column vc_column_container\"><div class=\"vc_column-inner\"><div class=\"wpb_wrapper\"><h2 class=\"w-text\"><a href=\"https:\/\/miopia.pl\/conference-2025\/konferencja-2024\/prelegenci-2024\/\" class=\"w-text-h\"><span class=\"w-text-value\">Prelegenci<\/span><\/a><\/h2><\/div><\/div><\/div><div class=\"vc_col-sm-4 wpb_column vc_column_container\"><div class=\"vc_column-inner\"><div class=\"wpb_wrapper\"><h2 class=\"w-text\"><a target=\"_blank\" href=\"https:\/\/miopia.pl\/conference-2025\/wp-content\/uploads\/2025\/02\/Miopia-2024_Sprawozdanie-AG.pdf\" rel=\"noopener\" class=\"w-text-h\"><span class=\"w-text-value\">Raport konferencji 2024<\/span><\/a><\/h2><\/div><\/div><\/div><\/div><\/div><\/section><section class=\"l-section wpb_row us_custom_242268fa height_medium\" id=\"program\"><div class=\"l-section-overlay\" style=\"background:#f0f0f6\"><\/div><div class=\"l-section-h i-cf\"><div class=\"g-cols vc_row via_flex valign_top type_default stacking_default\"><div class=\"vc_col-sm-12 wpb_column vc_column_container\"><div class=\"vc_column-inner\"><div class=\"wpb_wrapper\"><div class=\"w-separator size_medium\"><\/div><div class=\"w-separator us_custom_dd184a0a size_custom with_line width_default thick_5 style_solid color_secondary align_center\" style=\"height:5px\"><div class=\"w-separator-h\"><\/div><\/div><div class=\"w-separator size_medium\" id=\"p5cb\"><style>@media(max-width:1024px){ #p5cb{height:5rem!important}}@media(max-width:600px){ #p5cb{height:4rem!important}}<\/style><\/div><h2 class=\"w-text us_custom_03b3ee3e\"><span class=\"w-text-h\"><span class=\"w-text-value\">Program konferencji &#8222;Miopia 2024: Innowacje&#8221;<\/span><\/span><\/h2><h3 class=\"w-text us_custom_aa271a07\"><span class=\"w-text-h\"><span class=\"w-text-value\">7 CZERWCA 2024 R.<\/span><\/span><\/h3><div class=\"w-separator size_medium\" id=\"v800\"><style>@media(max-width:1024px){ #v800{height:5rem!important}}@media(max-width:600px){ #v800{height:4rem!important}}<\/style><\/div><div class=\"w-hwrapper align_none valign_top\" style=\"--hwrapper-gap:0\"><div class=\"w-vwrapper align_none valign_top\"><div class=\"wpb_text_column\"><div class=\"wpb_wrapper\"><p><strong>12.30 \u2013 12.35<\/strong><\/p>\n<\/div><\/div><\/div><div class=\"w-vwrapper align_none valign_top\"><div class=\"wpb_text_column\"><div class=\"wpb_wrapper\"><p><strong>OTWARCIE KONFERENCJI<\/strong><\/p>\n<p><strong>Prof. Andrzej Grzybowski<\/strong><\/p>\n<\/div><\/div><\/div><\/div><div class=\"w-separator us_custom_dd184a0a size_custom with_line width_default thick_5 style_solid color_secondary align_center\" style=\"height:5px\"><div class=\"w-separator-h\"><\/div><\/div><div class=\"w-separator size_medium\" id=\"i21e\"><style>@media(max-width:1024px){ #i21e{height:5rem!important}}@media(max-width:600px){ #i21e{height:4rem!important}}<\/style><\/div><div class=\"w-hwrapper align_none valign_top\" style=\"--hwrapper-gap:0\"><div class=\"w-vwrapper align_none valign_top\"><div class=\"wpb_text_column\"><div class=\"wpb_wrapper\"><p><strong>12.35 \u201312:55<\/strong><\/p>\n<\/div><\/div><\/div><div class=\"w-vwrapper align_none valign_top\"><div class=\"wpb_text_column\"><div class=\"wpb_wrapper\"><p><strong>WYK\u0141AD OTWIERAJ\u0104CY<\/strong><\/p>\n<p><strong>Przysz\u0142o\u015b\u0107 kontroli kr\u00f3tkowzroczno\u015bci \u2013 pytania, na kt\u00f3re nale\u017cy odpowiedzie\u0107<\/strong> &#8211; Mark A. Bullimore<\/p>\n<\/div><\/div><\/div><\/div><div class=\"w-hwrapper align_none valign_top\" style=\"--hwrapper-gap:0\"><div class=\"w-vwrapper align_none valign_top\"><div class=\"wpb_text_column\"><div class=\"wpb_wrapper\"><p><strong>12:55 \u2013 13:10 <\/strong><\/p>\n<\/div><\/div><\/div><div class=\"w-vwrapper align_none valign_top\"><div class=\"wpb_text_column\"><div class=\"wpb_wrapper\"><p><strong>DYSKUSJA<\/strong><\/p>\n<\/div><\/div><\/div><\/div><div class=\"w-separator us_custom_dd184a0a size_custom with_line width_default thick_5 style_solid color_secondary align_center\" style=\"height:5px\"><div class=\"w-separator-h\"><\/div><\/div><div class=\"w-separator size_medium\" id=\"p956\"><style>@media(max-width:1024px){ #p956{height:5rem!important}}@media(max-width:600px){ #p956{height:4rem!important}}<\/style><\/div><div class=\"w-hwrapper align_none valign_top\" style=\"--hwrapper-gap:0\"><div class=\"w-vwrapper align_none valign_top\"><div class=\"wpb_text_column\"><div class=\"wpb_wrapper\"><\/div><\/div><\/div><div class=\"w-vwrapper align_none valign_top\"><div class=\"wpb_text_column\"><div class=\"wpb_wrapper\"><p><strong>SESJA 1 \u2013 Nowe technologie w kontroli kr\u00f3tkowzroczno\u015bci cz.1<\/strong><\/p>\n<\/div><\/div><\/div><\/div><div class=\"w-hwrapper align_none valign_top\" style=\"--hwrapper-gap:0\"><div class=\"w-vwrapper align_none valign_top\"><div class=\"wpb_text_column\"><div class=\"wpb_wrapper\"><p><strong>13:10 \u201313:30<\/strong><\/p>\n<\/div><\/div><\/div><div class=\"w-vwrapper align_none valign_top\"><div class=\"wpb_text_column\"><div class=\"wpb_wrapper\"><p><strong>Soczewki Essilor Stellest: najnowsze badania kliniczne<\/strong> &#8211; Dr Renan Ferreira Oliveira, Head of Medical Affairs EssilorLuxottica, (Brazil)<\/p>\n<\/div><\/div><\/div><\/div><div class=\"w-hwrapper align_none valign_top\" style=\"--hwrapper-gap:0\"><div class=\"w-vwrapper align_none valign_top\"><div class=\"wpb_text_column\"><div class=\"wpb_wrapper\"><p><strong>13:30 \u2013 13:50<\/strong><\/p>\n<\/div><\/div><\/div><div class=\"w-vwrapper align_none valign_top\"><div class=\"wpb_text_column\"><div class=\"wpb_wrapper\"><p><strong>Europejskie do\u015bwiadczenie z RLRL<\/strong> &#8211; Prof. A. Grzybowski, University of Warmia and Mazury, (Poland)<\/p>\n<\/div><\/div><\/div><\/div><div class=\"w-hwrapper align_none valign_top\" style=\"--hwrapper-gap:0\"><div class=\"w-vwrapper align_none valign_top\"><div class=\"wpb_text_column\"><div class=\"wpb_wrapper\"><p><strong>13:50 \u2013 14:10<\/strong><\/p>\n<\/div><\/div><\/div><div class=\"w-vwrapper align_none valign_top\"><div class=\"wpb_text_column\"><div class=\"wpb_wrapper\"><p><strong>Atropina w kontroli kr\u00f3tkowzroczno\u015bci<\/strong> &#8211; Prof. Carla Lanca (Portugal)<\/p>\n<\/div><\/div><\/div><\/div><div class=\"w-hwrapper align_none valign_top\" style=\"--hwrapper-gap:0\"><div class=\"w-vwrapper align_none valign_top\"><div class=\"wpb_text_column\"><div class=\"wpb_wrapper\"><p><strong>14:10 \u2013 14:30 <\/strong><\/p>\n<\/div><\/div><\/div><div class=\"w-vwrapper align_none valign_top\"><div class=\"wpb_text_column\"><div class=\"wpb_wrapper\"><p><strong>Protok\u00f3\u0142 wprowadzenia skojarzonej terapii kontroli kr\u00f3tkowzroczno\u015bci z wykorzystaniem metod optycznych i farmakologicznych<\/strong> &#8211; Dr Prze\u017adziecka-Do\u0142yk, Wroclaw Medical University, (Poland)<\/p>\n<\/div><\/div><\/div><\/div><div class=\"w-hwrapper align_none valign_top\" style=\"--hwrapper-gap:0\"><div class=\"w-vwrapper align_none valign_top\"><div class=\"wpb_text_column\"><div class=\"wpb_wrapper\"><p><strong>14:30 \u2013 14:45<\/strong><\/p>\n<\/div><\/div><\/div><div class=\"w-vwrapper align_none valign_top\"><div class=\"wpb_text_column\"><div class=\"wpb_wrapper\"><p><strong>Dyskusja<\/strong><\/p>\n<\/div><\/div><\/div><\/div><div class=\"w-separator us_custom_dd184a0a size_custom with_line width_default thick_5 style_solid color_secondary align_center\" style=\"height:5px\"><div class=\"w-separator-h\"><\/div><\/div><div class=\"w-separator size_medium\" id=\"yc5f\"><style>@media(max-width:1024px){ #yc5f{height:5rem!important}}@media(max-width:600px){ #yc5f{height:4rem!important}}<\/style><\/div><div class=\"w-hwrapper align_none valign_top\" style=\"--hwrapper-gap:0\"><div class=\"w-vwrapper align_none valign_top\"><div class=\"wpb_text_column\"><div class=\"wpb_wrapper\"><p><strong>14:45 \u2013 15:00<\/strong><\/p>\n<\/div><\/div><\/div><div class=\"w-vwrapper align_none valign_top\"><div class=\"wpb_text_column\"><div class=\"wpb_wrapper\"><p><strong>PRZERWA<\/strong><\/p>\n<\/div><\/div><\/div><\/div><div class=\"w-separator us_custom_dd184a0a size_custom with_line width_default thick_5 style_solid color_secondary align_center\" style=\"height:5px\"><div class=\"w-separator-h\"><\/div><\/div><div class=\"w-separator size_medium\" id=\"w0ad\"><style>@media(max-width:1024px){ #w0ad{height:5rem!important}}@media(max-width:600px){ #w0ad{height:4rem!important}}<\/style><\/div><div class=\"w-hwrapper align_none valign_top\" style=\"--hwrapper-gap:0\"><div class=\"w-vwrapper align_none valign_top\"><div class=\"wpb_text_column\"><div class=\"wpb_wrapper\"><\/div><\/div><\/div><div class=\"w-vwrapper align_none valign_top\"><div class=\"wpb_text_column\"><div class=\"wpb_wrapper\"><p><strong>SESJA II \u2013 Nowe technologie w kontroli kr\u00f3tkowzroczno\u015bci cz. 2<\/strong><\/p>\n<\/div><\/div><\/div><\/div><div class=\"w-hwrapper align_none valign_top\" style=\"--hwrapper-gap:0\"><div class=\"w-vwrapper align_none valign_top\"><div class=\"wpb_text_column\"><div class=\"wpb_wrapper\"><p><strong>15:00 \u2013 15:20<\/strong><\/p>\n<\/div><\/div><\/div><div class=\"w-vwrapper align_none valign_top\"><div class=\"wpb_text_column\"><div class=\"wpb_wrapper\"><p><strong>Terapia skojarzona w kontroli kr\u00f3tkowzroczno\u015bci &#8211; wyniki 2-letniej obserwacji w populacji polskiej<\/strong> &#8211; Dr n. med. Joanna Prze\u017adziecka-Do\u0142yk, Wroclaw Medical University, (Poland)<\/p>\n<\/div><\/div><\/div><\/div><div class=\"w-hwrapper align_none valign_top\" style=\"--hwrapper-gap:0\"><div class=\"w-vwrapper align_none valign_top\"><div class=\"wpb_text_column\"><div class=\"wpb_wrapper\"><p><strong>15:20 \u2013 15:40<\/strong><\/p>\n<\/div><\/div><\/div><div class=\"w-vwrapper align_none valign_top\"><div class=\"wpb_text_column\"><div class=\"wpb_wrapper\"><p><strong>Wp\u0142yw strategii interwencji kr\u00f3tkowzroczno\u015bci na cz\u0119sto\u015b\u0107 wyst\u0119powania obni\u017conej ostro\u015bci wzroku u dzieci w wieku szkolnym na Tajwanie<\/strong> &#8211; Prof. Pei-Chang Wu, Taiwan (director of Myopia Treatment and Prevention Center (Department of Ophthalmology, Kaohsiung Chang Gung Memorial Hospital), professor at Chang Gung University, supervisor of the Ophthalmological Society of Taiwan (Chinese Taipei)<\/p>\n<\/div><\/div><\/div><\/div><div class=\"w-hwrapper align_none valign_top\" style=\"--hwrapper-gap:0\"><div class=\"w-vwrapper align_none valign_top\"><div class=\"wpb_text_column\"><div class=\"wpb_wrapper\"><p><strong>15.00 &#8211; 15.20<\/strong><\/p>\n<\/div><\/div><\/div><div class=\"w-vwrapper align_none valign_top\"><div class=\"wpb_text_column\"><div class=\"wpb_wrapper\"><p><strong>Soczewki kontaktowe dla kr\u00f3tkowzroczno\u015bci<\/strong> \u2013 Dr Imran\u00a0Jawaid, Nottingham University\u00a0Hospitals, NHS Trust, (UK)<\/p>\n<\/div><\/div><\/div><\/div><div class=\"w-hwrapper align_none valign_top\" style=\"--hwrapper-gap:0\"><div class=\"w-vwrapper align_none valign_top\"><div class=\"wpb_text_column\"><div class=\"wpb_wrapper\"><p><strong>16:00 \u2013 16:15<\/strong><\/p>\n<\/div><\/div><\/div><div class=\"w-vwrapper align_none valign_top\"><div class=\"wpb_text_column\"><div class=\"wpb_wrapper\"><p><strong>DYSKUSJA<\/strong><\/p>\n<\/div><\/div><\/div><\/div><div class=\"w-separator us_custom_dd184a0a size_custom with_line width_default thick_5 style_solid color_secondary align_center\" style=\"height:5px\"><div class=\"w-separator-h\"><\/div><\/div><div class=\"w-separator size_medium\" id=\"m07c\"><style>@media(max-width:1024px){ #m07c{height:5rem!important}}@media(max-width:600px){ #m07c{height:4rem!important}}<\/style><\/div><div class=\"w-hwrapper align_none valign_top\" style=\"--hwrapper-gap:0\"><div class=\"w-vwrapper align_none valign_top\"><div class=\"wpb_text_column\"><div class=\"wpb_wrapper\"><\/div><\/div><\/div><div class=\"w-vwrapper align_none valign_top\"><div class=\"wpb_text_column\"><div class=\"wpb_wrapper\"><p><strong>SESJA III \u2013 NOWE TECHNOLOGIE W POST\u0118POWANIU PRZY KR\u00d3TKOWZROCZNO\u015aCI <\/strong><\/p>\n<\/div><\/div><\/div><\/div><div class=\"w-hwrapper align_none valign_top\" style=\"--hwrapper-gap:0\"><div class=\"w-vwrapper align_none valign_top\"><div class=\"wpb_text_column\"><div class=\"wpb_wrapper\"><p><strong>16:15 \u2013 16:35<\/strong><\/p>\n<\/div><\/div><\/div><div class=\"w-vwrapper align_none valign_top\"><div class=\"wpb_text_column\"><div class=\"wpb_wrapper\"><p><strong>Wytyczne dotycz\u0105ce post\u0119powania przy kr\u00f3tkowzroczno\u015bci obs\u0142ugiwane przez aplikacj\u0119 Myopia Navigator<\/strong> &#8211; David Kern, (UK)<\/p>\n<\/div><\/div><\/div><\/div><div class=\"w-hwrapper align_none valign_top\" style=\"--hwrapper-gap:0\"><div class=\"w-vwrapper align_none valign_top\"><div class=\"wpb_text_column\"><div class=\"wpb_wrapper\"><p><strong>16:35 \u2013 16:55<\/strong><\/p>\n<\/div><\/div><\/div><div class=\"w-vwrapper align_none valign_top\"><div class=\"wpb_text_column\"><div class=\"wpb_wrapper\"><p><strong>Jak diagnozowa\u0107 i monitorowa\u0107 kr\u00f3tkowzroczno\u015b\u0107?<\/strong> &#8211; Prof. Hakan Kaymak (Germany)<\/p>\n<\/div><\/div><\/div><\/div><div class=\"w-hwrapper align_none valign_top\" style=\"--hwrapper-gap:0\"><div class=\"w-vwrapper align_none valign_top\"><div class=\"wpb_text_column\"><div class=\"wpb_wrapper\"><p><strong>16:55 \u2013 17:15<\/strong><\/p>\n<\/div><\/div><\/div><div class=\"w-vwrapper align_none valign_top\"><div class=\"wpb_text_column\"><div class=\"wpb_wrapper\"><p><strong>Sztuczna inteligencja w wykrywaniu i kontroli kr\u00f3tkowzroczno\u015bci: Aktualizacja 2024<\/strong> &#8211; Prof. Mohammad Hassan Emamian, Shahroud University of Medical Sciences, Shahroud, (Iran)<\/p>\n<\/div><\/div><\/div><\/div><div class=\"w-hwrapper align_none valign_top\" style=\"--hwrapper-gap:0\"><div class=\"w-vwrapper align_none valign_top\"><div class=\"wpb_text_column\"><div class=\"wpb_wrapper\"><p><strong>17:15 \u2013 17:35<\/strong><\/p>\n<\/div><\/div><\/div><div class=\"w-vwrapper align_none valign_top\"><div class=\"wpb_text_column\"><div class=\"wpb_wrapper\"><p><strong>Jakie zmiany zachodz\u0105 w nerwie wzrokowym podczas kr\u00f3tkowzrocznego wyd\u0142u\u017cenia osiowego u dzieci?<\/strong> &#8211; Prof. KI HO Park (Department of Ophthalmology Seoul National University Hospital, Seoul National University College of Medicine)<\/p>\n<\/div><\/div><\/div><\/div><div class=\"w-hwrapper align_none valign_top\" style=\"--hwrapper-gap:0\"><div class=\"w-vwrapper align_none valign_top\"><div class=\"wpb_text_column\"><div class=\"wpb_wrapper\"><p lang=\"pl-PL\"><strong>17:35 \u2013 17:50<\/strong><\/p>\n<\/div><\/div><\/div><div class=\"w-vwrapper align_none valign_top\"><div class=\"wpb_text_column\"><div class=\"wpb_wrapper\"><p><strong>Dyskusja<\/strong><\/p>\n<\/div><\/div><\/div><\/div><div class=\"w-separator us_custom_dd184a0a size_custom with_line width_default thick_5 style_solid color_secondary align_center\" style=\"height:5px\"><div class=\"w-separator-h\"><\/div><\/div><div class=\"w-separator size_medium\" id=\"t350\"><style>@media(max-width:1024px){ #t350{height:5rem!important}}@media(max-width:600px){ #t350{height:4rem!important}}<\/style><\/div><div class=\"w-hwrapper align_none valign_top\" style=\"--hwrapper-gap:0\"><div class=\"w-vwrapper align_none valign_top\"><div class=\"wpb_text_column\"><div class=\"wpb_wrapper\"><p><strong>17:50 \u2013 17:55<\/strong><\/p>\n<\/div><\/div><\/div><div class=\"w-vwrapper align_none valign_top\"><div class=\"wpb_text_column\"><div class=\"wpb_wrapper\"><p><strong>Zako\u0144czenie konferencji<\/strong> \u2013 prof. A. Grzybowski<\/p>\n<\/div><\/div><\/div><\/div><\/div><\/div><\/div><\/div><\/div><\/section>\n","protected":false},"excerpt":{"rendered":"Nagrania 2024PrelegenciRaport konferencji 2024Program konferencji &#8222;Miopia 2024: Innowacje&#8221;7 CZERWCA 2024 R.12.30 \u2013 12.35 OTWARCIE KONFERENCJI Prof. Andrzej Grzybowski 12.35 \u201312:55 WYK\u0141AD OTWIERAJ\u0104CY Przysz\u0142o\u015b\u0107 kontroli kr\u00f3tkowzroczno\u015bci \u2013 pytania, na kt\u00f3re nale\u017cy odpowiedzie\u0107 &#8211; Mark A. Bullimore 12:55 \u2013 13:10 DYSKUSJA SESJA 1 \u2013 Nowe technologie w kontroli kr\u00f3tkowzroczno\u015bci cz.1 13:10 \u201313:30 Soczewki Essilor Stellest: najnowsze badania...","protected":false},"author":6,"featured_media":0,"parent":0,"menu_order":6,"comment_status":"closed","ping_status":"closed","template":"","meta":{"footnotes":""},"acf":[],"_links":{"self":[{"href":"https:\/\/miopia.pl\/conference-2025\/wp-json\/wp\/v2\/pages\/1132"}],"collection":[{"href":"https:\/\/miopia.pl\/conference-2025\/wp-json\/wp\/v2\/pages"}],"about":[{"href":"https:\/\/miopia.pl\/conference-2025\/wp-json\/wp\/v2\/types\/page"}],"author":[{"embeddable":true,"href":"https:\/\/miopia.pl\/conference-2025\/wp-json\/wp\/v2\/users\/6"}],"replies":[{"embeddable":true,"href":"https:\/\/miopia.pl\/conference-2025\/wp-json\/wp\/v2\/comments?post=1132"}],"version-history":[{"count":26,"href":"https:\/\/miopia.pl\/conference-2025\/wp-json\/wp\/v2\/pages\/1132\/revisions"}],"predecessor-version":[{"id":1206,"href":"https:\/\/miopia.pl\/conference-2025\/wp-json\/wp\/v2\/pages\/1132\/revisions\/1206"}],"wp:attachment":[{"href":"https:\/\/miopia.pl\/conference-2025\/wp-json\/wp\/v2\/media?parent=1132"}],"curies":[{"name":"wp","href":"https:\/\/api.w.org\/{rel}","templated":true}]}}