{"id":1158,"date":"2025-01-15T10:15:59","date_gmt":"2025-01-15T09:15:59","guid":{"rendered":"https:\/\/miopia.pl\/conference-2025\/?page_id=1158"},"modified":"2025-03-10T15:26:28","modified_gmt":"2025-03-10T14:26:28","slug":"conference-2024","status":"publish","type":"page","link":"https:\/\/miopia.pl\/conference-2025\/en\/conference-2024\/","title":{"rendered":"Conference 2024"},"content":{"rendered":"<section class=\"l-section wpb_row height_medium width_full\"><div class=\"l-section-h i-cf\"><div class=\"g-cols vc_row via_flex valign_top type_default stacking_default\"><div class=\"vc_col-sm-12 wpb_column vc_column_container\"><div class=\"vc_column-inner\"><div class=\"wpb_wrapper\"><div class=\"w-image align_center\"><div class=\"w-image-h\"><img loading=\"lazy\" decoding=\"async\" width=\"1920\" height=\"1080\" src=\"https:\/\/miopia.pl\/conference-2025\/wp-content\/uploads\/2024\/02\/miopia-baner-en.jpg\" class=\"attachment-full size-full\" alt=\"\" srcset=\"https:\/\/miopia.pl\/conference-2025\/wp-content\/uploads\/2024\/02\/miopia-baner-en.jpg 1920w, https:\/\/miopia.pl\/conference-2025\/wp-content\/uploads\/2024\/02\/miopia-baner-en-300x169.jpg 300w, https:\/\/miopia.pl\/conference-2025\/wp-content\/uploads\/2024\/02\/miopia-baner-en-150x84.jpg 150w\" sizes=\"(max-width: 1920px) 100vw, 1920px\" \/><\/div><\/div><\/div><\/div><\/div><\/div><\/div><\/section><section class=\"l-section wpb_row us_custom_eb849559 height_medium\" id=\"links-conf2024\"><div class=\"l-section-h i-cf\"><div class=\"g-cols vc_row via_flex valign_top type_default stacking_default\"><div class=\"vc_col-sm-4 wpb_column vc_column_container\"><div class=\"vc_column-inner\"><div class=\"wpb_wrapper\"><h2 class=\"w-text\"><a href=\"https:\/\/miopia.pl\/conference-2024\/en\/recordings-2024\/\" class=\"w-text-h\"><span class=\"w-text-value\">Recordings 2024<\/span><\/a><\/h2><\/div><\/div><\/div><div class=\"vc_col-sm-4 wpb_column vc_column_container\"><div class=\"vc_column-inner\"><div class=\"wpb_wrapper\"><h2 class=\"w-text\"><a href=\"https:\/\/miopia.pl\/conference-2025\/en\/conference-2024\/speakers-2024\/\" class=\"w-text-h\"><span class=\"w-text-value\">Speakers<\/span><\/a><\/h2><\/div><\/div><\/div><div class=\"vc_col-sm-4 wpb_column vc_column_container\"><div class=\"vc_column-inner\"><div class=\"wpb_wrapper\"><h2 class=\"w-text\"><a target=\"_blank\" href=\"https:\/\/miopia.pl\/conference-2024\/wp-content\/uploads\/2024\/08\/miopia-2024-sprawozdanie-AG.pdf\" rel=\"noopener\" class=\"w-text-h\"><span class=\"w-text-value\">Conference Report 2024<\/span><\/a><\/h2><\/div><\/div><\/div><\/div><\/div><\/section><section class=\"l-section wpb_row us_custom_242268fa height_medium\" id=\"program\"><div class=\"l-section-overlay\" style=\"background:#f0f0f6\"><\/div><div class=\"l-section-h i-cf\"><div class=\"g-cols vc_row via_flex valign_top type_default stacking_default\"><div class=\"vc_col-sm-12 wpb_column vc_column_container\"><div class=\"vc_column-inner\"><div class=\"wpb_wrapper\"><div class=\"w-separator us_custom_dd184a0a size_custom with_line width_default thick_5 style_solid color_secondary align_center\" style=\"height:5px\"><div class=\"w-separator-h\"><\/div><\/div><div class=\"w-separator size_medium\" id=\"ge8e\"><style>@media(max-width:1024px){ #ge8e{height:5rem!important}}@media(max-width:600px){ #ge8e{height:4rem!important}}<\/style><\/div><h2 class=\"w-text us_custom_03b3ee3e\"><span class=\"w-text-h\"><span class=\"w-text-value\">&#8220;Miopia 2024: Innovations&#8221; &#8211; program<\/span><\/span><\/h2><h3 class=\"w-text us_custom_aa271a07\"><span class=\"w-text-h\"><span class=\"w-text-value\">June 7, 2024<\/span><\/span><\/h3><div class=\"w-separator size_medium\" id=\"v0c6\"><style>@media(max-width:1024px){ #v0c6{height:5rem!important}}@media(max-width:600px){ #v0c6{height:4rem!important}}<\/style><\/div><div class=\"w-hwrapper align_none valign_top\" style=\"--hwrapper-gap:1rem\"><div class=\"w-vwrapper align_none valign_top\"><div class=\"wpb_text_column\"><div class=\"wpb_wrapper\"><p><strong>12.30 \u2013 12.35 PM CEST<\/strong><\/p>\n<\/div><\/div><\/div><div class=\"w-vwrapper align_none valign_top\"><div class=\"wpb_text_column\"><div class=\"wpb_wrapper\"><p><strong>OPEN<\/strong> prof. Andrzej Grzybowski<\/p>\n<\/div><\/div><\/div><\/div><div class=\"w-separator us_custom_dd184a0a size_custom with_line width_default thick_5 style_solid color_secondary align_center\" style=\"height:5px\"><div class=\"w-separator-h\"><\/div><\/div><div class=\"w-separator size_medium\" id=\"m96c\"><style>@media(max-width:1024px){ #m96c{height:5rem!important}}@media(max-width:600px){ #m96c{height:4rem!important}}<\/style><\/div><div class=\"w-hwrapper align_none valign_top\" style=\"--hwrapper-gap:1rem\"><div class=\"w-vwrapper align_none valign_top\"><div class=\"wpb_text_column\"><div class=\"wpb_wrapper\"><p><strong>12.35 \u201312:55<\/strong><\/p>\n<\/div><\/div><\/div><div class=\"w-vwrapper align_none valign_top\"><div class=\"wpb_text_column\"><div class=\"wpb_wrapper\"><p><strong>OPENING LECTURE<\/strong><\/p>\n<p><strong>The future of Myopia control &#8211; the questions that should be answered<\/strong> &#8211; Mark A. Bullimore<\/p>\n<\/div><\/div><\/div><\/div><div class=\"w-hwrapper align_none valign_top\" style=\"--hwrapper-gap:1rem\"><div class=\"w-vwrapper align_none valign_top\"><div class=\"wpb_text_column\"><div class=\"wpb_wrapper\"><p><strong>12:55 \u2013 13:10 <\/strong><\/p>\n<\/div><\/div><\/div><div class=\"w-vwrapper align_none valign_top\"><div class=\"wpb_text_column\"><div class=\"wpb_wrapper\"><p><strong>DISCUSSION<\/strong><\/p>\n<\/div><\/div><\/div><\/div><div class=\"w-separator us_custom_dd184a0a size_custom with_line width_default thick_5 style_solid color_secondary align_center\" style=\"height:5px\"><div class=\"w-separator-h\"><\/div><\/div><div class=\"w-separator size_medium\" id=\"r09b\"><style>@media(max-width:1024px){ #r09b{height:5rem!important}}@media(max-width:600px){ #r09b{height:4rem!important}}<\/style><\/div><div class=\"w-hwrapper align_none valign_top\" style=\"--hwrapper-gap:1rem\"><div class=\"w-vwrapper align_none valign_top\"><div class=\"wpb_text_column\"><div class=\"wpb_wrapper\"><\/div><\/div><\/div><div class=\"w-vwrapper align_none valign_top\"><div class=\"wpb_text_column\"><div class=\"wpb_wrapper\"><p><strong>New technologies in Myopia Control I<\/strong><\/p>\n<\/div><\/div><\/div><\/div><div class=\"w-hwrapper align_none valign_top\" style=\"--hwrapper-gap:1rem\"><div class=\"w-vwrapper align_none valign_top\"><div class=\"wpb_text_column\"><div class=\"wpb_wrapper\"><p><strong>1:10 \u2013 1:30 CEST<\/strong><\/p>\n<\/div><\/div><\/div><div class=\"w-vwrapper align_none valign_top\"><div class=\"wpb_text_column\"><div class=\"wpb_wrapper\"><p>Essilor Stellest lenses: latest clinical evidence. <strong>Dr Renan Ferreira Oliveira<\/strong>, Head of Medical Affairs EssilorLuxottica (Brazil)<\/p>\n<\/div><\/div><\/div><\/div><div class=\"w-hwrapper align_none valign_top\" style=\"--hwrapper-gap:1rem\"><div class=\"w-vwrapper align_none valign_top\"><div class=\"wpb_text_column\"><div class=\"wpb_wrapper\"><p><strong>1:30 \u2013 1:50 CEST<\/strong><\/p>\n<\/div><\/div><\/div><div class=\"w-vwrapper align_none valign_top\"><div class=\"wpb_text_column\"><div class=\"wpb_wrapper\"><p>European experience with RLRL. <strong>Prof. A. Grzybowski,<\/strong> University of Warmia and Mazury, (Poland)<\/p>\n<\/div><\/div><\/div><\/div><div class=\"w-hwrapper align_none valign_top\" style=\"--hwrapper-gap:1rem\"><div class=\"w-vwrapper align_none valign_top\"><div class=\"wpb_text_column\"><div class=\"wpb_wrapper\"><p><strong>1:50 \u2013 2:10 CEST<\/strong><\/p>\n<\/div><\/div><\/div><div class=\"w-vwrapper align_none valign_top\"><div class=\"wpb_text_column\"><div class=\"wpb_wrapper\"><p>Atropine in Myopia control. <strong>Prof. Carla Lanca<\/strong>, Escola Superior de Tecnologia da Sa\u00fade de Lisboa (ESTeSL), Instituto Polit\u00e9cnico de Lisboa, Lisboa, Portugal, Comprehensive Health Research Center (CHRC), Escola Nacional de Sa\u00fade P\u00fablica, Universidade Nova de Lisboa, Lisboa, (Portugal)<\/p>\n<\/div><\/div><\/div><\/div><div class=\"w-hwrapper align_none valign_top\" style=\"--hwrapper-gap:1rem\"><div class=\"w-vwrapper align_none valign_top\"><div class=\"wpb_text_column\"><div class=\"wpb_wrapper\"><p><strong>2:10 \u2013 2:30 CEST<\/strong><\/p>\n<\/div><\/div><\/div><div class=\"w-vwrapper align_none valign_top\"><div class=\"wpb_text_column\"><div class=\"wpb_wrapper\"><p>Protocol for introducing combined therapy for myopia control using optical and pharmacological methods. <strong>Dr Prze\u017adziecka-Do\u0142yk,<\/strong> Wroclaw Medical University (Poland)<\/p>\n<\/div><\/div><\/div><\/div><div class=\"w-hwrapper align_none valign_top\" style=\"--hwrapper-gap:1rem\"><div class=\"w-vwrapper align_none valign_top\"><div class=\"wpb_text_column\"><div class=\"wpb_wrapper\"><p><strong>2:30 \u2013 2:45 CEST<\/strong><\/p>\n<\/div><\/div><\/div><div class=\"w-vwrapper align_none valign_top\"><div class=\"wpb_text_column\"><div class=\"wpb_wrapper\"><p><strong>Discussion<\/strong><\/p>\n<\/div><\/div><\/div><\/div><div class=\"w-separator us_custom_dd184a0a size_custom with_line width_default thick_5 style_solid color_secondary align_center\" style=\"height:5px\"><div class=\"w-separator-h\"><\/div><\/div><div class=\"w-separator size_medium\" id=\"y34e\"><style>@media(max-width:1024px){ #y34e{height:5rem!important}}@media(max-width:600px){ #y34e{height:4rem!important}}<\/style><\/div><div class=\"w-hwrapper align_none valign_top\" style=\"--hwrapper-gap:1rem\"><div class=\"w-vwrapper align_none valign_top\"><div class=\"wpb_text_column\"><div class=\"wpb_wrapper\"><p><strong>2:45 &#8211; 3:00 CEST &#8211; 14.15<\/strong><\/p>\n<\/div><\/div><\/div><div class=\"w-vwrapper align_none valign_top\"><div class=\"wpb_text_column\"><div class=\"wpb_wrapper\"><p><strong>BREAK<\/strong><\/p>\n<\/div><\/div><\/div><\/div><div class=\"w-separator us_custom_dd184a0a size_custom with_line width_default thick_5 style_solid color_secondary align_center\" style=\"height:5px\"><div class=\"w-separator-h\"><\/div><\/div><div class=\"w-separator size_medium\" id=\"h761\"><style>@media(max-width:1024px){ #h761{height:5rem!important}}@media(max-width:600px){ #h761{height:4rem!important}}<\/style><\/div><div class=\"w-hwrapper align_none valign_top\" style=\"--hwrapper-gap:1rem\"><div class=\"w-vwrapper align_none valign_top\"><div class=\"wpb_text_column\"><div class=\"wpb_wrapper\"><\/div><\/div><\/div><div class=\"w-vwrapper align_none valign_top\"><div class=\"wpb_text_column\"><div class=\"wpb_wrapper\"><p><strong>SESSION II &#8211; New technologies in Myopia Control II<\/strong><\/p>\n<\/div><\/div><\/div><\/div><div class=\"w-hwrapper align_none valign_top\" style=\"--hwrapper-gap:1rem\"><div class=\"w-vwrapper align_none valign_top\"><div class=\"wpb_text_column\"><div class=\"wpb_wrapper\"><p><strong>3:00 \u2013 3:20 CEST<\/strong><\/p>\n<\/div><\/div><\/div><div class=\"w-vwrapper align_none valign_top\"><div class=\"wpb_text_column\"><div class=\"wpb_wrapper\"><p>Combination therapy in the control of myopia &#8211; results of 2-year follow-up in the Polish population.<strong> Dr n. med. Joanna Prze\u017adziecka-Do\u0142yk<\/strong>, Wroclaw Medical University (Poland)<\/p>\n<\/div><\/div><\/div><\/div><div class=\"w-hwrapper align_none valign_top\" style=\"--hwrapper-gap:1rem\"><div class=\"w-vwrapper align_none valign_top\"><div class=\"wpb_text_column\"><div class=\"wpb_wrapper\"><p><strong>3:20 \u2013 3:40 CEST<\/strong><\/p>\n<\/div><\/div><\/div><div class=\"w-vwrapper align_none valign_top\"><div class=\"wpb_text_column\"><div class=\"wpb_wrapper\"><p>The Strategy of Myopia Intervention Affect the Prevalence of Reduced Visual Acuity Schoolchildren in Taiwan.<strong> Prof. Pei-Chang Wu<\/strong>, Taiwan (director of Myopia Treatment and Prevention Center (Department of Ophthalmology, Kaohsiung Chang Gung Memorial Hospital), professor at Chang Gung University, supervisor of the Ophthalmological Society of Taiwan (Chinese Taipei)<\/p>\n<\/div><\/div><\/div><\/div><div class=\"w-hwrapper align_none valign_top\" style=\"--hwrapper-gap:1rem\"><div class=\"w-vwrapper align_none valign_top\"><div class=\"wpb_text_column\"><div class=\"wpb_wrapper\"><p><strong>3:40 \u2013 4:00 CEST<\/strong><\/p>\n<\/div><\/div><\/div><div class=\"w-vwrapper align_none valign_top\"><div class=\"wpb_text_column\"><div class=\"wpb_wrapper\"><p>Contact lenses in Myopia. <strong>Dr. Imran\u00a0Jawaid<\/strong>, Nottingham University\u00a0Hospitals, NHS Trust (UK)<\/p>\n<\/div><\/div><\/div><\/div><div class=\"w-hwrapper align_none valign_top\" style=\"--hwrapper-gap:1rem\"><div class=\"w-vwrapper align_none valign_top\"><div class=\"wpb_text_column\"><div class=\"wpb_wrapper\"><p><strong>4:00 \u2013 4:15 CEST<\/strong><\/p>\n<\/div><\/div><\/div><div class=\"w-vwrapper align_none valign_top\"><div class=\"wpb_text_column\"><div class=\"wpb_wrapper\"><p><strong>DISCUSSION<\/strong><\/p>\n<\/div><\/div><\/div><\/div><div class=\"w-separator us_custom_dd184a0a size_custom with_line width_default thick_5 style_solid color_secondary align_center\" style=\"height:5px\"><div class=\"w-separator-h\"><\/div><\/div><div class=\"w-separator size_medium\" id=\"a6da\"><style>@media(max-width:1024px){ #a6da{height:5rem!important}}@media(max-width:600px){ #a6da{height:4rem!important}}<\/style><\/div><div class=\"w-hwrapper align_none valign_top\" style=\"--hwrapper-gap:1rem\"><div class=\"w-vwrapper align_none valign_top\"><div class=\"wpb_text_column\"><div class=\"wpb_wrapper\"><\/div><\/div><\/div><div class=\"w-vwrapper align_none valign_top\"><div class=\"wpb_text_column\"><div class=\"wpb_wrapper\"><p><strong>SESSION III &#8211; New technologies in Myopia Management <\/strong><\/p>\n<\/div><\/div><\/div><\/div><div class=\"w-hwrapper align_none valign_top\" style=\"--hwrapper-gap:1rem\"><div class=\"w-vwrapper align_none valign_top\"><div class=\"wpb_text_column\"><div class=\"wpb_wrapper\"><p><strong>4:15 \u2013 4:35 CEST<\/strong><\/p>\n<\/div><\/div><\/div><div class=\"w-vwrapper align_none valign_top\"><div class=\"wpb_text_column\"><div class=\"wpb_wrapper\"><p>Myopia management guideline supported by Myopia Navigator <strong>David Kern<\/strong> (UK)<\/p>\n<\/div><\/div><\/div><\/div><div class=\"w-hwrapper align_none valign_top\" style=\"--hwrapper-gap:1rem\"><div class=\"w-vwrapper align_none valign_top\"><div class=\"wpb_text_column\"><div class=\"wpb_wrapper\"><p><strong>4:35 \u2013 4:55 CEST<\/strong><\/p>\n<\/div><\/div><\/div><div class=\"w-vwrapper align_none valign_top\"><div class=\"wpb_text_column\"><div class=\"wpb_wrapper\"><p>How do I diagnose and monitor myopia control? Prof. <strong>Hakan Kaymak<\/strong> (Germany)<\/p>\n<\/div><\/div><\/div><\/div><div class=\"w-hwrapper align_none valign_top\" style=\"--hwrapper-gap:1rem\"><div class=\"w-vwrapper align_none valign_top\"><div class=\"wpb_text_column\"><div class=\"wpb_wrapper\"><p><strong>4:55 \u2013 5:15 CEST<\/strong><\/p>\n<\/div><\/div><\/div><div class=\"w-vwrapper align_none valign_top\"><div class=\"wpb_text_column\"><div class=\"wpb_wrapper\"><p>AI in Myopia detection and control: Update 2024. <strong>Prof. Mohammad Hassan Emamian<\/strong>, Shahroud University of Medical Sciences, Shahroud, (Iran)<\/p>\n<\/div><\/div><\/div><\/div><div class=\"w-hwrapper align_none valign_top\" style=\"--hwrapper-gap:1rem\"><div class=\"w-vwrapper align_none valign_top\"><div class=\"wpb_text_column\"><div class=\"wpb_wrapper\"><p><strong>5:15 \u2013 5:35 CEST<\/strong><\/p>\n<\/div><\/div><\/div><div class=\"w-vwrapper align_none valign_top\"><div class=\"wpb_text_column\"><div class=\"wpb_wrapper\"><p>What changes occur in the optic nerve head of myopic axial elongation in children?<strong> Prof. KI HO Park<\/strong> (Department of Ophthalmology Seoul National University Hospital, Seoul National University College of Medicine)<\/p>\n<\/div><\/div><\/div><\/div><div class=\"w-hwrapper align_none valign_top\" style=\"--hwrapper-gap:1rem\"><div class=\"w-vwrapper align_none valign_top\"><div class=\"wpb_text_column\"><div class=\"wpb_wrapper\"><p lang=\"pl-PL\"><strong>5:35 \u2013 5:50 CEST<\/strong><\/p>\n<\/div><\/div><\/div><div class=\"w-vwrapper align_none valign_top\"><div class=\"wpb_text_column\"><div class=\"wpb_wrapper\"><p><strong>Discussion<\/strong><\/p>\n<\/div><\/div><\/div><\/div><div class=\"w-separator us_custom_dd184a0a size_custom with_line width_default thick_5 style_solid color_secondary align_center\" style=\"height:5px\"><div class=\"w-separator-h\"><\/div><\/div><div class=\"w-separator size_medium\" id=\"c91b\"><style>@media(max-width:1024px){ #c91b{height:5rem!important}}@media(max-width:600px){ #c91b{height:4rem!important}}<\/style><\/div><div class=\"w-hwrapper align_none valign_top\" style=\"--hwrapper-gap:1rem\"><div class=\"w-vwrapper align_none valign_top\"><div class=\"wpb_text_column\"><div class=\"wpb_wrapper\"><p><strong>5:50 \u2013 5:55 CEST<\/strong><\/p>\n<\/div><\/div><\/div><div class=\"w-vwrapper align_none valign_top\"><div class=\"wpb_text_column\"><div class=\"wpb_wrapper\"><p>End of the conference \u2013 <strong>prof. A. Grzybowski<\/strong><\/p>\n<\/div><\/div><\/div><\/div><\/div><\/div><\/div><\/div><\/div><\/section>\n","protected":false},"excerpt":{"rendered":"Recordings 2024SpeakersConference Report 2024&#8220;Miopia 2024: Innovations&#8221; &#8211; programJune 7, 202412.30 \u2013 12.35 PM CEST OPEN prof. Andrzej Grzybowski 12.35 \u201312:55 OPENING LECTURE The future of Myopia control &#8211; the questions that should be answered &#8211; Mark A. Bullimore 12:55 \u2013 13:10 DISCUSSION New technologies in Myopia Control I 1:10 \u2013 1:30 CEST Essilor Stellest lenses:...","protected":false},"author":6,"featured_media":0,"parent":0,"menu_order":5,"comment_status":"closed","ping_status":"closed","template":"","meta":{"footnotes":""},"acf":[],"_links":{"self":[{"href":"https:\/\/miopia.pl\/conference-2025\/en\/wp-json\/wp\/v2\/pages\/1158"}],"collection":[{"href":"https:\/\/miopia.pl\/conference-2025\/en\/wp-json\/wp\/v2\/pages"}],"about":[{"href":"https:\/\/miopia.pl\/conference-2025\/en\/wp-json\/wp\/v2\/types\/page"}],"author":[{"embeddable":true,"href":"https:\/\/miopia.pl\/conference-2025\/en\/wp-json\/wp\/v2\/users\/6"}],"replies":[{"embeddable":true,"href":"https:\/\/miopia.pl\/conference-2025\/en\/wp-json\/wp\/v2\/comments?post=1158"}],"version-history":[{"count":5,"href":"https:\/\/miopia.pl\/conference-2025\/en\/wp-json\/wp\/v2\/pages\/1158\/revisions"}],"predecessor-version":[{"id":1231,"href":"https:\/\/miopia.pl\/conference-2025\/en\/wp-json\/wp\/v2\/pages\/1158\/revisions\/1231"}],"wp:attachment":[{"href":"https:\/\/miopia.pl\/conference-2025\/en\/wp-json\/wp\/v2\/media?parent=1158"}],"curies":[{"name":"wp","href":"https:\/\/api.w.org\/{rel}","templated":true}]}}