{"id":2,"date":"2021-10-14T13:05:18","date_gmt":"2021-10-14T11:05:18","guid":{"rendered":"https:\/\/miopia.pl\/conference-2023\/?page_id=2"},"modified":"2023-05-26T08:43:00","modified_gmt":"2023-05-26T06:43:00","slug":"strona-glowna","status":"publish","type":"page","link":"https:\/\/miopia.pl\/conference-2023\/","title":{"rendered":"Strona g\u0142\u00f3wna"},"content":{"rendered":"<section class=\"l-section wpb_row height_auto width_full\"><div class=\"l-section-h i-cf\"><div class=\"g-cols vc_row via_flex valign_top type_default stacking_default\"><div class=\"vc_col-sm-12 wpb_column vc_column_container\"><div class=\"vc_column-inner\"><div class=\"wpb_wrapper\"><div class=\"w-image align_center\"><div class=\"w-image-h\"><img width=\"1920\" height=\"1080\" src=\"https:\/\/miopia.pl\/conference-2023\/wp-content\/uploads\/2023\/03\/BANER-do-zakladki-conference-2023_POL.png\" class=\"attachment-full size-full\" alt=\"\" decoding=\"async\" loading=\"lazy\" srcset=\"https:\/\/miopia.pl\/conference-2023\/wp-content\/uploads\/2023\/03\/BANER-do-zakladki-conference-2023_POL.png 1920w, https:\/\/miopia.pl\/conference-2023\/wp-content\/uploads\/2023\/03\/BANER-do-zakladki-conference-2023_POL-300x169.png 300w, https:\/\/miopia.pl\/conference-2023\/wp-content\/uploads\/2023\/03\/BANER-do-zakladki-conference-2023_POL-1024x576.png 1024w\" sizes=\"(max-width: 1920px) 100vw, 1920px\" \/><\/div><\/div><\/div><\/div><\/div><\/div><\/div><\/section><section class=\"l-section wpb_row height_small\"><div class=\"l-section-h i-cf\"><div class=\"g-cols vc_row via_flex valign_top type_default stacking_default\"><div class=\"vc_col-sm-6 vc_col-md-4 wpb_column vc_column_container\"><div class=\"vc_column-inner\"><div class=\"wpb_wrapper\"><div class=\"w-hwrapper align_center valign_middle\"><div class=\"w-image align_center\"><div class=\"w-image-h\"><img width=\"150\" height=\"100\" src=\"https:\/\/miopia.pl\/conference-2023\/wp-content\/uploads\/2023\/02\/Flaga-1.jpg\" class=\"attachment-full size-full\" alt=\"\" decoding=\"async\" loading=\"lazy\" \/><\/div><\/div><div class=\"w-image align_center\"><div class=\"w-image-h\"><img width=\"84\" height=\"100\" src=\"https:\/\/miopia.pl\/conference-2023\/wp-content\/uploads\/2023\/02\/Godlo.jpg\" class=\"attachment-full size-full\" alt=\"\" decoding=\"async\" loading=\"lazy\" \/><\/div><\/div><div class=\"w-image align_center\"><div class=\"w-image-h\"><img width=\"306\" height=\"100\" src=\"https:\/\/miopia.pl\/conference-2023\/wp-content\/uploads\/2023\/02\/mein_doskonala_nauka_on_white.png\" class=\"attachment-full size-full\" alt=\"\" decoding=\"async\" loading=\"lazy\" srcset=\"https:\/\/miopia.pl\/conference-2023\/wp-content\/uploads\/2023\/02\/mein_doskonala_nauka_on_white.png 306w, https:\/\/miopia.pl\/conference-2023\/wp-content\/uploads\/2023\/02\/mein_doskonala_nauka_on_white-300x98.png 300w\" sizes=\"(max-width: 306px) 100vw, 306px\" \/><\/div><\/div><\/div><div class=\"w-separator size_medium\"><\/div><\/div><\/div><\/div><div class=\"vc_col-sm-6 vc_col-md-8 wpb_column vc_column_container\"><div class=\"vc_column-inner\"><div class=\"wpb_wrapper\"><div class=\"wpb_text_column\"><div class=\"wpb_wrapper\"><p>Podstrona dotycz\u0105ca konferencji sfinansowana zosta\u0142a ze \u015brodk\u00f3w Ministerstwa Edukacji i Nauki (Projekt: \u201eDoskona\u0142a nauka &#8211; Wsparcie konferencji naukowych\u201d) w ramach projektu pt.:\u00a0 \u201eRealizacja dw\u00f3ch edycji konferencji naukowej online \u201eMiopia\u201d w roku 2023 i 2024\u201d\u00a0 umowa nr DNK\/SN\/549820\/2022)<\/p>\n<\/div><\/div><div class=\"w-hwrapper align_none valign_top\"><div class=\"wpb_text_column\"><div class=\"wpb_wrapper\"><p><strong>Warto\u015b\u0107 dofinansowania:<\/strong> 217 982,15 z\u0142<\/p>\n<\/div><\/div><div class=\"wpb_text_column\"><div class=\"wpb_wrapper\"><p><strong>Ca\u0142kowita warto\u015b\u0107 projektu:<\/strong> 257 834,15 z\u0142<\/p>\n<\/div><\/div><\/div><div class=\"w-separator size_medium\"><\/div><\/div><\/div><\/div><div class=\"vc_col-sm-12 wpb_column vc_column_container\"><div class=\"vc_column-inner\"><div class=\"wpb_wrapper\"><div class=\"wpb_text_column us_custom_e14cc498\"><div class=\"wpb_wrapper\"><p>Celem Projektu jest przygotowanie i realizacja przez Fundacj\u0119 Wspierania Rozwoju Okulistyki \u201eOkulistyka 21\u201d dw\u00f3ch edycji konferencji naukowej \u201eMiopia\u201d oraz upowszechnienie ich rezultat\u00f3w. Projekt b\u0119dzie realizowany przez 24 miesi\u0105ce od 01.11.2022 r. do 31.10.2024 r.<\/p>\n<\/div><\/div><\/div><\/div><\/div><\/div><\/div><\/section><section class=\"l-section wpb_row us_custom_242268fa height_medium\" id=\"program\"><div class=\"l-section-overlay\" style=\"background:#f0f0f6\"><\/div><div class=\"l-section-h i-cf\"><div class=\"g-cols vc_row via_flex valign_top type_default stacking_default\"><div class=\"vc_col-sm-12 wpb_column vc_column_container\"><div class=\"vc_column-inner\"><div class=\"wpb_wrapper\"><div class=\"w-separator us_custom_dd184a0a size_custom with_line width_default thick_5 style_solid color_secondary align_center\" style=\"height:5px\"><div class=\"w-separator-h\"><\/div><\/div><div class=\"w-separator size_medium\" id=\"w428\"><style>@media(max-width:1024px){ #w428{height:5rem!important}}@media(max-width:600px){ #w428{height:4rem!important}}<\/style><\/div><h2 class=\"w-text us_custom_03b3ee3e\"><span class=\"w-text-h\"><span class=\"w-text-value\">Program konferencji &#8222;MYOPIA 2023&#8221;<\/span><\/span><\/h2><h3 class=\"w-text us_custom_aa271a07\"><span class=\"w-text-h\"><span class=\"w-text-value\">9 CZERWCA 2023 R.<\/span><\/span><\/h3><div class=\"w-separator size_medium\" id=\"u7a1\"><style>@media(max-width:1024px){ #u7a1{height:5rem!important}}@media(max-width:600px){ #u7a1{height:4rem!important}}<\/style><\/div><div class=\"w-hwrapper align_none valign_top\" style=\"--hwrapper-gap:0\"><div class=\"w-vwrapper align_none valign_top\"><div class=\"wpb_text_column\"><div class=\"wpb_wrapper\"><p><strong>12.30- 12.35<\/strong><\/p>\n<\/div><\/div><\/div><div class=\"w-vwrapper align_none valign_top\"><div class=\"wpb_text_column\"><div class=\"wpb_wrapper\"><p><strong>OTWARCIE KONFERENCJI<\/strong><\/p>\n<p><strong>Prof. Andrzej Grzybowski<\/strong><\/p>\n<\/div><\/div><\/div><\/div><div class=\"w-separator us_custom_dd184a0a size_custom with_line width_default thick_5 style_solid color_secondary align_center\" style=\"height:5px\"><div class=\"w-separator-h\"><\/div><\/div><div class=\"w-separator size_medium\" id=\"md5f\"><style>@media(max-width:1024px){ #md5f{height:5rem!important}}@media(max-width:600px){ #md5f{height:4rem!important}}<\/style><\/div><div class=\"w-hwrapper align_none valign_top\" style=\"--hwrapper-gap:0\"><div class=\"w-vwrapper align_none valign_top\"><div class=\"wpb_text_column\"><div class=\"wpb_wrapper\"><p><strong>12.35 &#8211; 12.50<\/strong><\/p>\n<\/div><\/div><\/div><div class=\"w-vwrapper align_none valign_top\"><div class=\"wpb_text_column\"><div class=\"wpb_wrapper\"><p><strong>WYK\u0141AD OTWIERAJ\u0104CY<\/strong><\/p>\n<p><em><strong>Repeated low-level red-light therapy: a new treatment for myopia control<\/strong><\/em><\/p>\n<p>Prof. Mingguang He (Australia)<\/p>\n<\/div><\/div><\/div><\/div><div class=\"w-hwrapper align_none valign_top\" style=\"--hwrapper-gap:0\"><div class=\"w-vwrapper align_none valign_top\"><div class=\"wpb_text_column\"><div class=\"wpb_wrapper\"><p><strong>12.50 &#8211; 12.55<\/strong><\/p>\n<\/div><\/div><\/div><div class=\"w-vwrapper align_none valign_top\"><div class=\"wpb_text_column\"><div class=\"wpb_wrapper\"><p><strong>DYSKUSJA<\/strong><\/p>\n<\/div><\/div><\/div><\/div><div class=\"w-separator us_custom_dd184a0a size_custom with_line width_default thick_5 style_solid color_secondary align_center\" style=\"height:5px\"><div class=\"w-separator-h\"><\/div><\/div><div class=\"w-separator size_medium\" id=\"k4a8\"><style>@media(max-width:1024px){ #k4a8{height:5rem!important}}@media(max-width:600px){ #k4a8{height:4rem!important}}<\/style><\/div><div class=\"w-hwrapper align_none valign_top\" style=\"--hwrapper-gap:0\"><div class=\"w-vwrapper align_none valign_top\"><div class=\"wpb_text_column\"><div class=\"wpb_wrapper\"><\/div><\/div><\/div><div class=\"w-vwrapper align_none valign_top\"><div class=\"wpb_text_column\"><div class=\"wpb_wrapper\"><p><strong>SESJA I: PRAKTYCZNE SPOSOBY LECZENIA KR\u00d3TKOWZROCZNO\u015aCI W<\/strong><strong> AZJI<\/strong><\/p>\n<\/div><\/div><\/div><\/div><div class=\"w-hwrapper align_none valign_top\" style=\"--hwrapper-gap:0\"><div class=\"w-vwrapper align_none valign_top\"><div class=\"wpb_text_column\"><div class=\"wpb_wrapper\"><p><strong>12.57 &#8211; 13.17<\/strong><\/p>\n<\/div><\/div><\/div><div class=\"w-vwrapper align_none valign_top\"><div class=\"wpb_text_column\"><div class=\"wpb_wrapper\"><p><em><strong>Praktyczne sposoby leczenia kr\u00f3tkowzroczno\u015bci w Hongkongu<\/strong><\/em><\/p>\n<p>Prof. Calvin CP Pang (Hongkong)<\/p>\n<\/div><\/div><\/div><\/div><div class=\"w-hwrapper align_none valign_top\" style=\"--hwrapper-gap:0\"><div class=\"w-vwrapper align_none valign_top\"><div class=\"wpb_text_column\"><div class=\"wpb_wrapper\"><p><strong>13.17 &#8211; 13.37<\/strong><\/p>\n<\/div><\/div><\/div><div class=\"w-vwrapper align_none valign_top\"><div class=\"wpb_text_column\"><div class=\"wpb_wrapper\"><p><em><strong>Praktyczne sposoby leczenia kr\u00f3tkowzroczno\u015bci na Filipinach<\/strong><\/em><\/p>\n<p>Prof. Alvina Pauline Santiago (Filipiny)<\/p>\n<\/div><\/div><\/div><\/div><div class=\"w-hwrapper align_none valign_top\" style=\"--hwrapper-gap:0\"><div class=\"w-vwrapper align_none valign_top\"><div class=\"wpb_text_column\"><div class=\"wpb_wrapper\"><p><strong>13.37 &#8211; 13.57<\/strong><\/p>\n<\/div><\/div><\/div><div class=\"w-vwrapper align_none valign_top\"><div class=\"wpb_text_column\"><div class=\"wpb_wrapper\"><p><em><strong>Kr\u00f3tkowzroczno\u015b\u0107 u dzieci w wieku szkolnym w Japonii<\/strong><\/em><\/p>\n<p>Prof. Ryo Kawasaki (Japonia)<\/p>\n<\/div><\/div><\/div><\/div><div class=\"w-hwrapper align_none valign_top\" style=\"--hwrapper-gap:0\"><div class=\"w-vwrapper align_none valign_top\"><div class=\"wpb_text_column\"><div class=\"wpb_wrapper\"><p><strong>13.57 &#8211; 14.12<\/strong><\/p>\n<\/div><\/div><\/div><div class=\"w-vwrapper align_none valign_top\"><div class=\"wpb_text_column\"><div class=\"wpb_wrapper\"><p><strong>DYSKUSJA<\/strong><\/p>\n<\/div><\/div><\/div><\/div><div class=\"w-separator us_custom_dd184a0a size_custom with_line width_default thick_5 style_solid color_secondary align_center\" style=\"height:5px\"><div class=\"w-separator-h\"><\/div><\/div><div class=\"w-separator size_medium\" id=\"b430\"><style>@media(max-width:1024px){ #b430{height:5rem!important}}@media(max-width:600px){ #b430{height:4rem!important}}<\/style><\/div><div class=\"w-hwrapper align_none valign_top\" style=\"--hwrapper-gap:0\"><div class=\"w-vwrapper align_none valign_top\"><div class=\"wpb_text_column\"><div class=\"wpb_wrapper\"><p><strong>14.12 &#8211; 14.15<\/strong><\/p>\n<\/div><\/div><\/div><div class=\"w-vwrapper align_none valign_top\"><div class=\"wpb_text_column\"><div class=\"wpb_wrapper\"><p><strong>PRZERWA<\/strong><\/p>\n<\/div><\/div><\/div><\/div><div class=\"w-separator us_custom_dd184a0a size_custom with_line width_default thick_5 style_solid color_secondary align_center\" style=\"height:5px\"><div class=\"w-separator-h\"><\/div><\/div><div class=\"w-separator size_medium\" id=\"j83e\"><style>@media(max-width:1024px){ #j83e{height:5rem!important}}@media(max-width:600px){ #j83e{height:4rem!important}}<\/style><\/div><div class=\"w-hwrapper align_none valign_top\" style=\"--hwrapper-gap:0\"><div class=\"w-vwrapper align_none valign_top\"><div class=\"wpb_text_column\"><div class=\"wpb_wrapper\"><\/div><\/div><\/div><div class=\"w-vwrapper align_none valign_top\"><div class=\"wpb_text_column\"><div class=\"wpb_wrapper\"><p><strong>SESJA II: PRAKTYCZNE SPOSOBY LECZENIA KR\u00d3TKOWZROCZNO\u015aCI <\/strong><strong>W EUROPIE<\/strong><\/p>\n<\/div><\/div><\/div><\/div><div class=\"w-hwrapper align_none valign_top\" style=\"--hwrapper-gap:0\"><div class=\"w-vwrapper align_none valign_top\"><div class=\"wpb_text_column\"><div class=\"wpb_wrapper\"><p><strong>14.20 &#8211; 14.40<\/strong><\/p>\n<\/div><\/div><\/div><div class=\"w-vwrapper align_none valign_top\"><div class=\"wpb_text_column\"><div class=\"wpb_wrapper\"><p><em><strong>Praktyczne sposoby leczenia kr\u00f3tkowzroczno\u015bci we Francji<\/strong><\/em><\/p>\n<p>Prof. Dominique Bremond-Gignac (Francja)<\/p>\n<\/div><\/div><\/div><\/div><div class=\"w-hwrapper align_none valign_top\" style=\"--hwrapper-gap:0\"><div class=\"w-vwrapper align_none valign_top\"><div class=\"wpb_text_column\"><div class=\"wpb_wrapper\"><p><strong>14.40 &#8211; 15.00<\/strong><\/p>\n<\/div><\/div><\/div><div class=\"w-vwrapper align_none valign_top\"><div class=\"wpb_text_column\"><div class=\"wpb_wrapper\"><p><em><strong>Praktyczne sposoby leczenia kr\u00f3tkowzroczno\u015bci w Izraelu<\/strong><\/em><\/p>\n<p>Prof. Yair Morad (Izrael)<\/p>\n<\/div><\/div><\/div><\/div><div class=\"w-hwrapper align_none valign_top\" style=\"--hwrapper-gap:0\"><div class=\"w-vwrapper align_none valign_top\"><div class=\"wpb_text_column\"><div class=\"wpb_wrapper\"><p><strong>15.00 &#8211; 15.20<\/strong><\/p>\n<\/div><\/div><\/div><div class=\"w-vwrapper align_none valign_top\"><div class=\"wpb_text_column\"><div class=\"wpb_wrapper\"><p><em><strong>Praktyczne sposoby leczenia kr\u00f3tkowzroczno\u015bci w Niemczech<\/strong><\/em><\/p>\n<p>Prof. Wolf Lagr\u00e8ze (Niemcy)<\/p>\n<\/div><\/div><\/div><\/div><div class=\"w-hwrapper align_none valign_top\" style=\"--hwrapper-gap:0\"><div class=\"w-vwrapper align_none valign_top\"><div class=\"wpb_text_column\"><div class=\"wpb_wrapper\"><p><strong>15.20 &#8211; 15.35<\/strong><\/p>\n<\/div><\/div><\/div><div class=\"w-vwrapper align_none valign_top\"><div class=\"wpb_text_column\"><div class=\"wpb_wrapper\"><p><strong>DYSKUSJA<\/strong><\/p>\n<\/div><\/div><\/div><\/div><div class=\"w-separator us_custom_dd184a0a size_custom with_line width_default thick_5 style_solid color_secondary align_center\" style=\"height:5px\"><div class=\"w-separator-h\"><\/div><\/div><div class=\"w-separator size_medium\" id=\"b7e2\"><style>@media(max-width:1024px){ #b7e2{height:5rem!important}}@media(max-width:600px){ #b7e2{height:4rem!important}}<\/style><\/div><div class=\"w-hwrapper align_none valign_top\" style=\"--hwrapper-gap:0\"><div class=\"w-vwrapper align_none valign_top\"><div class=\"wpb_text_column\"><div class=\"wpb_wrapper\"><p lang=\"pl-PL\"><strong>15.35 &#8211; 15.40<\/strong><\/p>\n<\/div><\/div><\/div><div class=\"w-vwrapper align_none valign_top\"><div class=\"wpb_text_column\"><div class=\"wpb_wrapper\"><p><strong>PRZERWA<\/strong><\/p>\n<\/div><\/div><\/div><\/div><div class=\"w-separator us_custom_dd184a0a size_custom with_line width_default thick_5 style_solid color_secondary align_center\" style=\"height:5px\"><div class=\"w-separator-h\"><\/div><\/div><div class=\"w-separator size_medium\" id=\"qbe8\"><style>@media(max-width:1024px){ #qbe8{height:5rem!important}}@media(max-width:600px){ #qbe8{height:4rem!important}}<\/style><\/div><div class=\"w-hwrapper align_none valign_top\" style=\"--hwrapper-gap:0\"><div class=\"w-vwrapper align_none valign_top\"><div class=\"wpb_text_column\"><div class=\"wpb_wrapper\"><\/div><\/div><\/div><div class=\"w-vwrapper align_none valign_top\"><div class=\"wpb_text_column\"><div class=\"wpb_wrapper\"><p><strong>SESJA III: PRAKTYCZNE SPOSOBY LECZENIA KR\u00d3TKOWZROCZNO\u015aCI W<\/strong><strong> POLSCE<\/strong><\/p>\n<\/div><\/div><\/div><\/div><div class=\"w-hwrapper align_none valign_top\" style=\"--hwrapper-gap:0\"><div class=\"w-vwrapper align_none valign_top\"><div class=\"wpb_text_column\"><div class=\"wpb_wrapper\"><p><strong>15.45 &#8211; 16.05<\/strong><\/p>\n<\/div><\/div><\/div><div class=\"w-vwrapper align_none valign_top\"><div class=\"wpb_text_column\"><div class=\"wpb_wrapper\"><p><em><strong>Epidemiologia i praktyczne sposoby leczenia kr\u00f3tkowzroczno\u015bci w Polsce<\/strong><\/em><\/p>\n<p>Prof. Andrzej Grzybowski (Polska)<\/p>\n<\/div><\/div><\/div><\/div><div class=\"w-hwrapper align_none valign_top\" style=\"--hwrapper-gap:0\"><div class=\"w-vwrapper align_none valign_top\"><div class=\"wpb_text_column\"><div class=\"wpb_wrapper\"><p><strong>16.05 &#8211; 16.25<\/strong><\/p>\n<\/div><\/div><\/div><div class=\"w-vwrapper align_none valign_top\"><div class=\"wpb_text_column\"><div class=\"wpb_wrapper\"><p><em><strong>Powik\u0142ania kr\u00f3tkowzroczno\u015bci u dzieci<\/strong><\/em><\/p>\n<p>Dr Mieszko Lachota (Polska)<\/p>\n<\/div><\/div><\/div><\/div><div class=\"w-hwrapper align_none valign_top\" style=\"--hwrapper-gap:0\"><div class=\"w-vwrapper align_none valign_top\"><div class=\"wpb_text_column\"><div class=\"wpb_wrapper\"><p><strong>16.25 &#8211; 16.45<\/strong><\/p>\n<\/div><\/div><\/div><div class=\"w-vwrapper align_none valign_top\"><div class=\"wpb_text_column\"><div class=\"wpb_wrapper\"><p><em><strong>Zastosowanie urz\u0105dzenia MYAH do monitorowania progresji kr\u00f3tkowzroczno\u015bci u dzieci<\/strong><\/em><\/p>\n<p>Lek. Julia Dezor-Garus (Polska)<\/p>\n<\/div><\/div><\/div><\/div><div class=\"w-hwrapper align_none valign_top\" style=\"--hwrapper-gap:0\"><div class=\"w-vwrapper align_none valign_top\"><div class=\"wpb_text_column\"><div class=\"wpb_wrapper\"><p><strong>16.45 &#8211; 17.00<\/strong><\/p>\n<\/div><\/div><\/div><div class=\"w-vwrapper align_none valign_top\"><div class=\"wpb_text_column\"><div class=\"wpb_wrapper\"><p><strong>DYSKUSJA<\/strong><\/p>\n<\/div><\/div><\/div><\/div><div class=\"w-separator us_custom_dd184a0a size_custom with_line width_default thick_5 style_solid color_secondary align_center\" style=\"height:5px\"><div class=\"w-separator-h\"><\/div><\/div><div class=\"w-separator size_medium\" id=\"pb95\"><style>@media(max-width:1024px){ #pb95{height:5rem!important}}@media(max-width:600px){ #pb95{height:4rem!important}}<\/style><\/div><div class=\"w-hwrapper align_none valign_top\" style=\"--hwrapper-gap:0\"><div class=\"w-vwrapper align_none valign_top\"><div class=\"wpb_text_column\"><div class=\"wpb_wrapper\"><p lang=\"pl-PL\"><strong>17.00 &#8211; 17.05<\/strong><\/p>\n<\/div><\/div><\/div><div class=\"w-vwrapper align_none valign_top\"><div class=\"wpb_text_column\"><div class=\"wpb_wrapper\"><p><strong>PRZERWA <\/strong><\/p>\n<\/div><\/div><\/div><\/div><div class=\"w-separator us_custom_dd184a0a size_custom with_line width_default thick_5 style_solid color_secondary align_center\" style=\"height:5px\"><div class=\"w-separator-h\"><\/div><\/div><div class=\"w-separator size_medium\" id=\"rfa0\"><style>@media(max-width:1024px){ #rfa0{height:5rem!important}}@media(max-width:600px){ #rfa0{height:4rem!important}}<\/style><\/div><div class=\"w-hwrapper align_none valign_top\" style=\"--hwrapper-gap:0\"><div class=\"w-vwrapper align_none valign_top\"><div class=\"wpb_text_column\"><div class=\"wpb_wrapper\"><\/div><\/div><\/div><div class=\"w-vwrapper align_none valign_top\"><div class=\"wpb_text_column\"><div class=\"wpb_wrapper\"><p><strong>SESJA IV: PRAKTYCZNE SPOSOBY LECZENIA KR\u00d3TKOWZROCZNO\u015aCI W<\/strong><strong> AMERYCE P\u00d3\u0141NOCNEJ <\/strong><strong>I PO\u0141UDNIOWEJ<\/strong><\/p>\n<\/div><\/div><\/div><\/div><div class=\"w-hwrapper align_none valign_top\" style=\"--hwrapper-gap:0\"><div class=\"w-vwrapper align_none valign_top\"><div class=\"wpb_text_column\"><div class=\"wpb_wrapper\"><p><strong>17.10 &#8211; 17.30<\/strong><\/p>\n<\/div><\/div><\/div><div class=\"w-vwrapper align_none valign_top\"><div class=\"wpb_text_column\"><div class=\"wpb_wrapper\"><p><em><strong>Praktyczne sposoby leczenia kr\u00f3tkowzroczno\u015bci w USA<\/strong><\/em><\/p>\n<p>Dr Michael Xavier Repka (USA)<\/p>\n<\/div><\/div><\/div><\/div><div class=\"w-hwrapper align_none valign_top\" style=\"--hwrapper-gap:0\"><div class=\"w-vwrapper align_none valign_top\"><div class=\"wpb_text_column\"><div class=\"wpb_wrapper\"><p><strong>17.30 &#8211; 17.50<\/strong><\/p>\n<\/div><\/div><\/div><div class=\"w-vwrapper align_none valign_top\"><div class=\"wpb_text_column\"><div class=\"wpb_wrapper\"><p><em><strong>Praktyczne sposoby leczenia kr\u00f3tkowzroczno\u015bci w Argentynie<\/strong><\/em><\/p>\n<p>Dr Rafael Iribarren (Argentyna)<\/p>\n<\/div><\/div><\/div><\/div><div class=\"w-hwrapper align_none valign_top\" style=\"--hwrapper-gap:0\"><div class=\"w-vwrapper align_none valign_top\"><div class=\"wpb_text_column\"><div class=\"wpb_wrapper\"><p><strong>17.50 &#8211; 18.10<\/strong><\/p>\n<\/div><\/div><\/div><div class=\"w-vwrapper align_none valign_top\"><div class=\"wpb_text_column\"><div class=\"wpb_wrapper\"><p><em><strong>Praktyczne sposoby leczenia kr\u00f3tkowzroczno\u015bci w Meksyku<\/strong><\/em><\/p>\n<p>Dr Jennifer Hyuna Kim Lee (Meksyk)<\/p>\n<\/div><\/div><\/div><\/div><div class=\"w-hwrapper align_none valign_top\" style=\"--hwrapper-gap:0\"><div class=\"w-vwrapper align_none valign_top\"><div class=\"wpb_text_column\"><div class=\"wpb_wrapper\"><p><strong>18.10 &#8211; 18.25<\/strong><\/p>\n<\/div><\/div><\/div><div class=\"w-vwrapper align_none valign_top\"><div class=\"wpb_text_column\"><div class=\"wpb_wrapper\"><p><strong>DYSKUSJA<\/strong><\/p>\n<\/div><\/div><\/div><\/div><div class=\"w-separator us_custom_dd184a0a size_custom with_line width_default thick_5 style_solid color_secondary align_center\" style=\"height:5px\"><div class=\"w-separator-h\"><\/div><\/div><div class=\"w-separator size_medium\" id=\"qf06\"><style>@media(max-width:1024px){ #qf06{height:5rem!important}}@media(max-width:600px){ #qf06{height:4rem!important}}<\/style><\/div><div class=\"w-hwrapper align_none valign_top\" style=\"--hwrapper-gap:0\"><div class=\"w-vwrapper align_none valign_top\"><div class=\"wpb_text_column\"><div class=\"wpb_wrapper\"><p lang=\"pl-PL\"><strong>18.25 &#8211; 18.30<\/strong><\/p>\n<\/div><\/div><\/div><div class=\"w-vwrapper align_none valign_top\"><div class=\"wpb_text_column\"><div class=\"wpb_wrapper\"><p><strong>ZAKO\u0143CZENIE KONFERENCJI <\/strong><\/p>\n<p><strong>Prof. Andrzej Grzybowski<\/strong><\/p>\n<\/div><\/div><\/div><\/div><\/div><\/div><\/div><\/div><\/div><\/section><section class=\"l-section wpb_row height_medium\"><div class=\"l-section-h i-cf\"><div class=\"g-cols vc_row via_flex valign_top type_default stacking_default\"><div class=\"vc_col-sm-12 wpb_column vc_column_container\"><div class=\"vc_column-inner\"><div class=\"wpb_wrapper\"><\/div><\/div><\/div><\/div><\/div><\/section>\n","protected":false},"excerpt":{"rendered":"Podstrona dotycz\u0105ca konferencji sfinansowana zosta\u0142a ze \u015brodk\u00f3w Ministerstwa Edukacji i Nauki (Projekt: \u201eDoskona\u0142a nauka &#8211; Wsparcie konferencji naukowych\u201d) w ramach projektu pt.:\u00a0 \u201eRealizacja dw\u00f3ch edycji konferencji naukowej online \u201eMiopia\u201d w roku 2023 i 2024\u201d\u00a0 umowa nr DNK\/SN\/549820\/2022) Warto\u015b\u0107 dofinansowania: 217 982,15 z\u0142 Ca\u0142kowita warto\u015b\u0107 projektu: 257 834,15 z\u0142 Celem Projektu jest przygotowanie i realizacja przez...","protected":false},"author":1,"featured_media":0,"parent":0,"menu_order":4,"comment_status":"closed","ping_status":"closed","template":"","meta":[],"acf":[],"_links":{"self":[{"href":"https:\/\/miopia.pl\/conference-2023\/wp-json\/wp\/v2\/pages\/2"}],"collection":[{"href":"https:\/\/miopia.pl\/conference-2023\/wp-json\/wp\/v2\/pages"}],"about":[{"href":"https:\/\/miopia.pl\/conference-2023\/wp-json\/wp\/v2\/types\/page"}],"author":[{"embeddable":true,"href":"https:\/\/miopia.pl\/conference-2023\/wp-json\/wp\/v2\/users\/1"}],"replies":[{"embeddable":true,"href":"https:\/\/miopia.pl\/conference-2023\/wp-json\/wp\/v2\/comments?post=2"}],"version-history":[{"count":119,"href":"https:\/\/miopia.pl\/conference-2023\/wp-json\/wp\/v2\/pages\/2\/revisions"}],"predecessor-version":[{"id":581,"href":"https:\/\/miopia.pl\/conference-2023\/wp-json\/wp\/v2\/pages\/2\/revisions\/581"}],"wp:attachment":[{"href":"https:\/\/miopia.pl\/conference-2023\/wp-json\/wp\/v2\/media?parent=2"}],"curies":[{"name":"wp","href":"https:\/\/api.w.org\/{rel}","templated":true}]}}